{"id":1032,"date":"2020-11-17T13:33:01","date_gmt":"2020-11-17T12:33:01","guid":{"rendered":"http:\/\/serwer2170194.home.pl\/autoinstalator\/wordpress\/?page_id=1032"},"modified":"2021-03-29T15:28:20","modified_gmt":"2021-03-29T13:28:20","slug":"kontakt-2","status":"publish","type":"page","link":"https:\/\/pposiechnice.pl\/?page_id=1032&lang=de","title":{"rendered":"Kontakt"},"content":{"rendered":"\n<div class=\"wp-block-columns is-layout-flex wp-container-core-columns-is-layout-9d6595d7 wp-block-columns-is-layout-flex\">\n<div class=\"wp-block-column is-layout-flow wp-block-column-is-layout-flow\" style=\"flex-basis:67.5%\">\n<h2 class=\"wp-block-heading\">Setzen Sie sich mit uns in Verbindung!<\/h2>\n\n\n\n<p>Haben Sie Fragen an uns? Wir beantworten sie gerne! M\u00f6chten Sie Ihre Meinung mitteilen? Wir werden sie gerne kennenlernen! W\u00e4hlen Sie den entsprechenden Betreff der Nachricht und f\u00fcllen Sie das Formular aus.&nbsp;<\/p>\n\n\n\n<div class=\"wpcf7 no-js\" id=\"wpcf7-f1027-o1\" lang=\"pl-PL\" dir=\"ltr\" data-wpcf7-id=\"1027\">\n<div class=\"screen-reader-response\"><p role=\"status\" aria-live=\"polite\" aria-atomic=\"true\"><\/p> <ul><\/ul><\/div>\n<form action=\"\/index.php?rest_route=%2Fwp%2Fv2%2Fpages%2F1032#wpcf7-f1027-o1\" method=\"post\" class=\"wpcf7-form init\" aria-label=\"Formularz kontaktowy\" novalidate=\"novalidate\" data-status=\"init\">\n<fieldset class=\"hidden-fields-container\"><input type=\"hidden\" name=\"_wpcf7\" value=\"1027\" \/><input type=\"hidden\" name=\"_wpcf7_version\" value=\"6.1.5\" \/><input type=\"hidden\" name=\"_wpcf7_locale\" value=\"pl_PL\" \/><input type=\"hidden\" name=\"_wpcf7_unit_tag\" value=\"wpcf7-f1027-o1\" \/><input type=\"hidden\" name=\"_wpcf7_container_post\" value=\"0\" \/><input type=\"hidden\" name=\"_wpcf7_posted_data_hash\" value=\"\" \/>\n<\/fieldset>\n<div class=\"row custom-form\">\n\t<div class=\"col-12 col-md-6\">\n\t\t<p><label><i class=\"fas fa-user-tie\"><\/i><span class=\"wpcf7-form-control-wrap\" data-name=\"your-name\"><input size=\"40\" maxlength=\"400\" class=\"wpcf7-form-control wpcf7-text wpcf7-validates-as-required\" aria-required=\"true\" aria-invalid=\"false\" placeholder=\"Vorname und Nachname\" value=\"\" type=\"text\" name=\"your-name\" \/><\/span> <\/label>\n\t\t<\/p>\n\t<\/div>\n\t<div class=\"col-12 col-md-6\">\n\t\t<p><label><i class=\"fas fa-envelope-open-text\"><\/i><span class=\"wpcf7-form-control-wrap\" data-name=\"your-email\"><input size=\"40\" maxlength=\"400\" class=\"wpcf7-form-control wpcf7-email wpcf7-validates-as-required wpcf7-text wpcf7-validates-as-email\" aria-required=\"true\" aria-invalid=\"false\" placeholder=\"Adressen E-Mail\" value=\"\" type=\"email\" name=\"your-email\" \/><\/span> <\/label>\n\t\t<\/p>\n\t<\/div>\n\t<div class=\"col-12 col-md-6\">\n\t\t<p><label><i class=\"fas fa-phone-alt\"><\/i><span class=\"wpcf7-form-control-wrap\" data-name=\"tel-535\"><input size=\"40\" maxlength=\"400\" class=\"wpcf7-form-control wpcf7-tel wpcf7-text wpcf7-validates-as-tel\" aria-invalid=\"false\" placeholder=\"Nummer telefonu\" value=\"\" type=\"tel\" name=\"tel-535\" \/><\/span><\/label>\n\t\t<\/p>\n\t<\/div>\n\t<div class=\"col-12 col-md-6\">\n\t\t<p><label><i class=\"fas fa-question\"><\/i><span class=\"wpcf7-form-control-wrap\" data-name=\"menu-503\"><select class=\"wpcf7-form-control wpcf7-select\" aria-invalid=\"false\" name=\"menu-503\"><option value=\"\">W\u00e4hlen Sie den Betreff der Nachricht<\/option><option value=\"Ihre Meinung zu unseren Produkten\">Ihre Meinung zu unseren Produkten<\/option><option value=\"Zusammenarbeit\">Zusammenarbeit<\/option><option value=\"Beschwerden\">Beschwerden<\/option><option value=\"Karriere\">Karriere<\/option><option value=\"Andere\">Andere<\/option><\/select><\/span><\/label>\n\t\t<\/p>\n\t<\/div>\n\t<div class=\"col-12\">\n\t\t<p><span class=\"wpcf7-form-control-wrap\" data-name=\"your-message\"><textarea cols=\"40\" rows=\"10\" maxlength=\"2000\" class=\"wpcf7-form-control wpcf7-textarea\" aria-invalid=\"false\" placeholder=\"Der Inhalt Ihrer Nachricht...\" name=\"your-message\"><\/textarea><\/span>\n\t\t<\/p>\n\t<\/div>\n\t<div class=\"col-12 col-md-8\">\n\t\t<p><span class=\"wpcf7-form-control-wrap\" data-name=\"acceptance-55\"><span class=\"wpcf7-form-control wpcf7-acceptance\"><span class=\"wpcf7-list-item\"><label><input type=\"checkbox\" name=\"acceptance-55\" value=\"1\" aria-invalid=\"false\" \/><span class=\"wpcf7-list-item-label\">Mit der Verwendung dieses Formulars erkl\u00e4ren Sie sich mit der Verarbeitung Ihrer pers\u00f6nlichen Daten einverstanden. Die Einwilligung ist freiwillig und Sie k\u00f6nnen sie jederzeit widerrufen. Die Nichtangabe Ihrer Daten macht es jedoch unm\u00f6glich, diese Form der Kontaktaufnahme zu nutzen. Der Verwalter der \u00fcbermittelten personenbezogenen Daten ist Citronex I mit Sitz in Zgorzelec. F\u00fcr Einzelheiten folgen Sie bitte diesem Link.<\/span><\/label><\/span><\/span><\/span>\n\t\t<\/p>\n\t<\/div>\n\t<div class=\"col-12 col-md-4 d-flex align-items-center justify-content-center mt-5 mt-md-0\">\n\t\t<p><input class=\"wpcf7-form-control wpcf7-submit has-spinner btn-red\" type=\"submit\" value=\"Nachricht senden\" \/>\n\t\t<\/p>\n\t<\/div>\n<\/div><div class=\"wpcf7-response-output\" aria-hidden=\"true\"><\/div>\n<\/form>\n<\/div>\n\n<\/div>\n\n\n\n<div class=\"wp-block-column is-layout-flow wp-block-column-is-layout-flow\">\n<h4 class=\"wp-block-heading\">Kontaktdaten<\/h4>\n\n\n\n<p><strong>Przedsi\u0119biorstwo Produkcji Ogrodniczej \u201eSiechnice\u201d Sp. z o.o.<\/strong><\/p>\n\n\n\n<p>ul. Opolska 30,  55-011 Siechnice<\/p>\n\n\n\n<p>Steuernummer: 912-10-00-021<br>USt-IdNr.: PL9121000021<br>REGON (statistische Unternehmernummer): 930346276<br>Nummer KRS (Landesgerichtsregister): 0000135559<br>GGN: 4049928652492<\/p>\n\n\n\n<p>Stammkapital 18.680.500 PLN (in voller H\u00f6he eingezahlt).<\/p>\n\n\n\n<h4 class=\"wp-block-heading\">Zentrale<\/h4>\n\n\n\n<p><i class=\"fas fa-phone-alt\" aria-hidden=\"true\"><\/i> +48 71 \/ 311 53 35<\/p>\n\n\n\n<h4 class=\"wp-block-heading\">Sekretariat<\/h4>\n\n\n\n<p><i class=\"fas fa-phone-alt\" aria-hidden=\"true\"> +48 71 \/ 311 55 70<br><i class=\"fas fa-fax\" aria-hidden=\"true\"> +48 71 \/ 311 53 86<br><i class=\"fas fa-envelope-open-text\" aria-hidden=\"true\"> <a href=\"mailto:ppo@pposiechnice.pl\">ppo@pposiechnice.pl<\/a><\/i><\/i><\/i><\/p>\n<\/div>\n<\/div>\n\n\n\n<p><\/p>\n","protected":false},"excerpt":{"rendered":"<p>Setzen Sie sich mit uns in Verbindung! Haben Sie Fragen an&#8230;<\/p>\n","protected":false},"author":7,"featured_media":0,"parent":0,"menu_order":0,"comment_status":"closed","ping_status":"closed","template":"page-templates\/custom-contact.php","meta":{"_acf_changed":false,"inline_featured_image":false,"footnotes":""},"class_list":["post-1032","page","type-page","status-publish","hentry"],"acf":[],"yoast_head":"<!-- This site is optimized with the Yoast SEO plugin v27.6 - https:\/\/yoast.com\/product\/yoast-seo-wordpress\/ -->\n<title>Kontakt - PPO Siechnice<\/title>\n<meta name=\"robots\" content=\"index, follow, max-snippet:-1, max-image-preview:large, max-video-preview:-1\" \/>\n<link rel=\"canonical\" href=\"https:\/\/pposiechnice.pl\/?page_id=1032&lang=de\" \/>\n<meta property=\"og:locale\" content=\"pl_PL\" \/>\n<meta property=\"og:type\" content=\"article\" \/>\n<meta property=\"og:title\" content=\"Kontakt - PPO Siechnice\" \/>\n<meta property=\"og:description\" content=\"Setzen Sie sich mit uns in Verbindung! Haben Sie Fragen an...\" \/>\n<meta property=\"og:url\" content=\"https:\/\/pposiechnice.pl\/?page_id=1032&amp;lang=de\" \/>\n<meta property=\"og:site_name\" content=\"PPO Siechnice\" \/>\n<meta property=\"article:modified_time\" content=\"2021-03-29T13:28:20+00:00\" \/>\n<meta name=\"twitter:card\" content=\"summary_large_image\" \/>\n<meta name=\"twitter:label1\" content=\"Szacowany czas czytania\" \/>\n\t<meta name=\"twitter:data1\" content=\"1 minuta\" \/>\n<script type=\"application\/ld+json\" class=\"yoast-schema-graph\">{\"@context\":\"https:\\\/\\\/schema.org\",\"@graph\":[{\"@type\":\"WebPage\",\"@id\":\"https:\\\/\\\/pposiechnice.pl\\\/?page_id=1032&lang=de\",\"url\":\"https:\\\/\\\/pposiechnice.pl\\\/?page_id=1032&lang=de\",\"name\":\"Kontakt - PPO Siechnice\",\"isPartOf\":{\"@id\":\"https:\\\/\\\/pposiechnice.pl\\\/#website\"},\"datePublished\":\"2020-11-17T12:33:01+00:00\",\"dateModified\":\"2021-03-29T13:28:20+00:00\",\"breadcrumb\":{\"@id\":\"https:\\\/\\\/pposiechnice.pl\\\/?page_id=1032&lang=de#breadcrumb\"},\"inLanguage\":\"pl-PL\",\"potentialAction\":[{\"@type\":\"ReadAction\",\"target\":[\"https:\\\/\\\/pposiechnice.pl\\\/?page_id=1032&lang=de\"]}]},{\"@type\":\"BreadcrumbList\",\"@id\":\"https:\\\/\\\/pposiechnice.pl\\\/?page_id=1032&lang=de#breadcrumb\",\"itemListElement\":[{\"@type\":\"ListItem\",\"position\":1,\"name\":\"Strona g\u0142\u00f3wna\",\"item\":\"https:\\\/\\\/pposiechnice.pl\\\/\"},{\"@type\":\"ListItem\",\"position\":2,\"name\":\"Kontakt\"}]},{\"@type\":\"WebSite\",\"@id\":\"https:\\\/\\\/pposiechnice.pl\\\/#website\",\"url\":\"https:\\\/\\\/pposiechnice.pl\\\/\",\"name\":\"PPO Siechnice\",\"description\":\"\",\"publisher\":{\"@id\":\"https:\\\/\\\/pposiechnice.pl\\\/#organization\"},\"potentialAction\":[{\"@type\":\"SearchAction\",\"target\":{\"@type\":\"EntryPoint\",\"urlTemplate\":\"https:\\\/\\\/pposiechnice.pl\\\/?s={search_term_string}\"},\"query-input\":{\"@type\":\"PropertyValueSpecification\",\"valueRequired\":true,\"valueName\":\"search_term_string\"}}],\"inLanguage\":\"pl-PL\"},{\"@type\":\"Organization\",\"@id\":\"https:\\\/\\\/pposiechnice.pl\\\/#organization\",\"name\":\"PPO Siechnice\",\"url\":\"https:\\\/\\\/pposiechnice.pl\\\/\",\"logo\":{\"@type\":\"ImageObject\",\"inLanguage\":\"pl-PL\",\"@id\":\"https:\\\/\\\/pposiechnice.pl\\\/#\\\/schema\\\/logo\\\/image\\\/\",\"url\":\"https:\\\/\\\/pposiechnice.pl\\\/autoinstalator\\\/wordpress\\\/wp-content\\\/uploads\\\/2021\\\/12\\\/logo-1.svg\",\"contentUrl\":\"https:\\\/\\\/pposiechnice.pl\\\/autoinstalator\\\/wordpress\\\/wp-content\\\/uploads\\\/2021\\\/12\\\/logo-1.svg\",\"caption\":\"PPO Siechnice\"},\"image\":{\"@id\":\"https:\\\/\\\/pposiechnice.pl\\\/#\\\/schema\\\/logo\\\/image\\\/\"}}]}<\/script>\n<!-- \/ Yoast SEO plugin. -->","yoast_head_json":{"title":"Kontakt - PPO Siechnice","robots":{"index":"index","follow":"follow","max-snippet":"max-snippet:-1","max-image-preview":"max-image-preview:large","max-video-preview":"max-video-preview:-1"},"canonical":"https:\/\/pposiechnice.pl\/?page_id=1032&lang=de","og_locale":"pl_PL","og_type":"article","og_title":"Kontakt - PPO Siechnice","og_description":"Setzen Sie sich mit uns in Verbindung! Haben Sie Fragen an...","og_url":"https:\/\/pposiechnice.pl\/?page_id=1032&lang=de","og_site_name":"PPO Siechnice","article_modified_time":"2021-03-29T13:28:20+00:00","twitter_card":"summary_large_image","twitter_misc":{"Szacowany czas czytania":"1 minuta"},"schema":{"@context":"https:\/\/schema.org","@graph":[{"@type":"WebPage","@id":"https:\/\/pposiechnice.pl\/?page_id=1032&lang=de","url":"https:\/\/pposiechnice.pl\/?page_id=1032&lang=de","name":"Kontakt - PPO Siechnice","isPartOf":{"@id":"https:\/\/pposiechnice.pl\/#website"},"datePublished":"2020-11-17T12:33:01+00:00","dateModified":"2021-03-29T13:28:20+00:00","breadcrumb":{"@id":"https:\/\/pposiechnice.pl\/?page_id=1032&lang=de#breadcrumb"},"inLanguage":"pl-PL","potentialAction":[{"@type":"ReadAction","target":["https:\/\/pposiechnice.pl\/?page_id=1032&lang=de"]}]},{"@type":"BreadcrumbList","@id":"https:\/\/pposiechnice.pl\/?page_id=1032&lang=de#breadcrumb","itemListElement":[{"@type":"ListItem","position":1,"name":"Strona g\u0142\u00f3wna","item":"https:\/\/pposiechnice.pl\/"},{"@type":"ListItem","position":2,"name":"Kontakt"}]},{"@type":"WebSite","@id":"https:\/\/pposiechnice.pl\/#website","url":"https:\/\/pposiechnice.pl\/","name":"PPO Siechnice","description":"","publisher":{"@id":"https:\/\/pposiechnice.pl\/#organization"},"potentialAction":[{"@type":"SearchAction","target":{"@type":"EntryPoint","urlTemplate":"https:\/\/pposiechnice.pl\/?s={search_term_string}"},"query-input":{"@type":"PropertyValueSpecification","valueRequired":true,"valueName":"search_term_string"}}],"inLanguage":"pl-PL"},{"@type":"Organization","@id":"https:\/\/pposiechnice.pl\/#organization","name":"PPO Siechnice","url":"https:\/\/pposiechnice.pl\/","logo":{"@type":"ImageObject","inLanguage":"pl-PL","@id":"https:\/\/pposiechnice.pl\/#\/schema\/logo\/image\/","url":"https:\/\/pposiechnice.pl\/autoinstalator\/wordpress\/wp-content\/uploads\/2021\/12\/logo-1.svg","contentUrl":"https:\/\/pposiechnice.pl\/autoinstalator\/wordpress\/wp-content\/uploads\/2021\/12\/logo-1.svg","caption":"PPO Siechnice"},"image":{"@id":"https:\/\/pposiechnice.pl\/#\/schema\/logo\/image\/"}}]}},"_links":{"self":[{"href":"https:\/\/pposiechnice.pl\/index.php?rest_route=\/wp\/v2\/pages\/1032","targetHints":{"allow":["GET"]}}],"collection":[{"href":"https:\/\/pposiechnice.pl\/index.php?rest_route=\/wp\/v2\/pages"}],"about":[{"href":"https:\/\/pposiechnice.pl\/index.php?rest_route=\/wp\/v2\/types\/page"}],"author":[{"embeddable":true,"href":"https:\/\/pposiechnice.pl\/index.php?rest_route=\/wp\/v2\/users\/7"}],"replies":[{"embeddable":true,"href":"https:\/\/pposiechnice.pl\/index.php?rest_route=%2Fwp%2Fv2%2Fcomments&post=1032"}],"version-history":[{"count":5,"href":"https:\/\/pposiechnice.pl\/index.php?rest_route=\/wp\/v2\/pages\/1032\/revisions"}],"predecessor-version":[{"id":1238,"href":"https:\/\/pposiechnice.pl\/index.php?rest_route=\/wp\/v2\/pages\/1032\/revisions\/1238"}],"wp:attachment":[{"href":"https:\/\/pposiechnice.pl\/index.php?rest_route=%2Fwp%2Fv2%2Fmedia&parent=1032"}],"curies":[{"name":"wp","href":"https:\/\/api.w.org\/{rel}","templated":true}]}}