{"id":1079,"date":"2020-11-18T11:34:16","date_gmt":"2020-11-18T10:34:16","guid":{"rendered":"http:\/\/serwer2170194.home.pl\/autoinstalator\/wordpress\/?page_id=1079"},"modified":"2020-11-18T11:34:16","modified_gmt":"2020-11-18T10:34:16","slug":"fur-lieferanten","status":"publish","type":"page","link":"https:\/\/pposiechnice.pl\/?page_id=1079&lang=de","title":{"rendered":"F\u00fcr Lieferanten"},"content":{"rendered":"\n<div style=\"height:48px\" aria-hidden=\"true\" class=\"wp-block-spacer\"><\/div>\n\n\n\n<div class=\"wp-block-columns is-layout-flex wp-container-core-columns-is-layout-9d6595d7 wp-block-columns-is-layout-flex\">\n<div class=\"wp-block-column is-layout-flow wp-block-column-is-layout-flow\">\n<h3 class=\"mb-4 wp-block-heading\">Partnerschaft in der Wirtschaft<\/h3>\n\n\n\n<p class=\"mb-5 mb-lg-0\">Eine der S\u00e4ulen unseres Erfolgs ist die Partnerschaft in der Wirtschaft. Wir w\u00e4hlen unsere Lieferanten sorgf\u00e4ltig aus, indem wir einen Qualifizierungsprozess durchf\u00fchren, bei dem die Qualit\u00e4t der Waren und Dienstleistungen f\u00fcr uns ein Schl\u00fcsselfaktor ist. Wir verlangen von unseren Gesch\u00e4ftspartnern die Einf\u00fchrung von Qualit\u00e4tssystemen, die durch Zertifikate best\u00e4tigt werden. Unsere Lieferanten werden nach dem Win-Win-Prinzip zu unseren Gesch\u00e4ftspartnern, mit denen langfristige Beziehungen gegenseitigen Nutzen bringen. Wir konzentrieren uns auf gute und klare Kommunikation, weil wir glauben, dass sie die Grundlage f\u00fcr effektives Handeln ist.<\/p>\n<\/div>\n\n\n\n<div class=\"wp-block-column is-layout-flow wp-block-column-is-layout-flow\">\n<figure class=\"wp-block-image size-large\"><img loading=\"lazy\" decoding=\"async\" width=\"800\" height=\"449\" src=\"http:\/\/localhost:7001\/ppo\/\/app\/uploads\/2020\/11\/DJI_0022-23-2-v2-box.jpg\" alt=\"\" class=\"wp-image-925\" srcset=\"https:\/\/pposiechnice.pl\/autoinstalator\/wordpress\/wp-content\/uploads\/2020\/11\/DJI_0022-23-2-v2-box.jpg 800w, https:\/\/pposiechnice.pl\/autoinstalator\/wordpress\/wp-content\/uploads\/2020\/11\/DJI_0022-23-2-v2-box-300x168.jpg 300w, https:\/\/pposiechnice.pl\/autoinstalator\/wordpress\/wp-content\/uploads\/2020\/11\/DJI_0022-23-2-v2-box-768x431.jpg 768w\" sizes=\"auto, (max-width: 800px) 100vw, 800px\" \/><\/figure>\n<\/div>\n<\/div>\n","protected":false},"excerpt":{"rendered":"<p>Partnerschaft in der Wirtschaft Eine der S\u00e4ulen unseres Erfolgs ist die&#8230;<\/p>\n","protected":false},"author":7,"featured_media":0,"parent":0,"menu_order":0,"comment_status":"closed","ping_status":"closed","template":"","meta":{"_acf_changed":false,"inline_featured_image":false,"footnotes":""},"class_list":["post-1079","page","type-page","status-publish","hentry"],"acf":[],"yoast_head":"<!-- This site is optimized with the Yoast SEO plugin v27.6 - https:\/\/yoast.com\/product\/yoast-seo-wordpress\/ -->\n<title>F\u00fcr Lieferanten - PPO Siechnice<\/title>\n<meta name=\"robots\" content=\"index, follow, max-snippet:-1, max-image-preview:large, max-video-preview:-1\" \/>\n<link rel=\"canonical\" href=\"https:\/\/pposiechnice.pl\/?page_id=1079&lang=de\" \/>\n<meta property=\"og:locale\" content=\"pl_PL\" \/>\n<meta property=\"og:type\" content=\"article\" \/>\n<meta property=\"og:title\" content=\"F\u00fcr Lieferanten - PPO Siechnice\" \/>\n<meta property=\"og:description\" content=\"Partnerschaft in der Wirtschaft Eine der S\u00e4ulen unseres Erfolgs ist die...\" \/>\n<meta property=\"og:url\" content=\"https:\/\/pposiechnice.pl\/?page_id=1079&amp;lang=de\" \/>\n<meta property=\"og:site_name\" content=\"PPO Siechnice\" \/>\n<meta property=\"og:image\" content=\"http:\/\/localhost:7001\/ppo\/\/app\/uploads\/2020\/11\/DJI_0022-23-2-v2-box.jpg\" \/>\n<meta name=\"twitter:card\" content=\"summary_large_image\" \/>\n<meta name=\"twitter:label1\" content=\"Szacowany czas czytania\" \/>\n\t<meta name=\"twitter:data1\" content=\"1 minuta\" \/>\n<script type=\"application\/ld+json\" class=\"yoast-schema-graph\">{\"@context\":\"https:\\\/\\\/schema.org\",\"@graph\":[{\"@type\":\"WebPage\",\"@id\":\"https:\\\/\\\/pposiechnice.pl\\\/?page_id=1079&lang=de\",\"url\":\"https:\\\/\\\/pposiechnice.pl\\\/?page_id=1079&lang=de\",\"name\":\"F\u00fcr Lieferanten - PPO Siechnice\",\"isPartOf\":{\"@id\":\"https:\\\/\\\/pposiechnice.pl\\\/#website\"},\"primaryImageOfPage\":{\"@id\":\"https:\\\/\\\/pposiechnice.pl\\\/?page_id=1079&lang=de#primaryimage\"},\"image\":{\"@id\":\"https:\\\/\\\/pposiechnice.pl\\\/?page_id=1079&lang=de#primaryimage\"},\"thumbnailUrl\":\"http:\\\/\\\/localhost:7001\\\/ppo\\\/\\\/app\\\/uploads\\\/2020\\\/11\\\/DJI_0022-23-2-v2-box.jpg\",\"datePublished\":\"2020-11-18T10:34:16+00:00\",\"breadcrumb\":{\"@id\":\"https:\\\/\\\/pposiechnice.pl\\\/?page_id=1079&lang=de#breadcrumb\"},\"inLanguage\":\"pl-PL\",\"potentialAction\":[{\"@type\":\"ReadAction\",\"target\":[\"https:\\\/\\\/pposiechnice.pl\\\/?page_id=1079&lang=de\"]}]},{\"@type\":\"ImageObject\",\"inLanguage\":\"pl-PL\",\"@id\":\"https:\\\/\\\/pposiechnice.pl\\\/?page_id=1079&lang=de#primaryimage\",\"url\":\"http:\\\/\\\/localhost:7001\\\/ppo\\\/\\\/app\\\/uploads\\\/2020\\\/11\\\/DJI_0022-23-2-v2-box.jpg\",\"contentUrl\":\"http:\\\/\\\/localhost:7001\\\/ppo\\\/\\\/app\\\/uploads\\\/2020\\\/11\\\/DJI_0022-23-2-v2-box.jpg\"},{\"@type\":\"BreadcrumbList\",\"@id\":\"https:\\\/\\\/pposiechnice.pl\\\/?page_id=1079&lang=de#breadcrumb\",\"itemListElement\":[{\"@type\":\"ListItem\",\"position\":1,\"name\":\"Strona g\u0142\u00f3wna\",\"item\":\"https:\\\/\\\/pposiechnice.pl\\\/\"},{\"@type\":\"ListItem\",\"position\":2,\"name\":\"F\u00fcr Lieferanten\"}]},{\"@type\":\"WebSite\",\"@id\":\"https:\\\/\\\/pposiechnice.pl\\\/#website\",\"url\":\"https:\\\/\\\/pposiechnice.pl\\\/\",\"name\":\"PPO Siechnice\",\"description\":\"\",\"publisher\":{\"@id\":\"https:\\\/\\\/pposiechnice.pl\\\/#organization\"},\"potentialAction\":[{\"@type\":\"SearchAction\",\"target\":{\"@type\":\"EntryPoint\",\"urlTemplate\":\"https:\\\/\\\/pposiechnice.pl\\\/?s={search_term_string}\"},\"query-input\":{\"@type\":\"PropertyValueSpecification\",\"valueRequired\":true,\"valueName\":\"search_term_string\"}}],\"inLanguage\":\"pl-PL\"},{\"@type\":\"Organization\",\"@id\":\"https:\\\/\\\/pposiechnice.pl\\\/#organization\",\"name\":\"PPO Siechnice\",\"url\":\"https:\\\/\\\/pposiechnice.pl\\\/\",\"logo\":{\"@type\":\"ImageObject\",\"inLanguage\":\"pl-PL\",\"@id\":\"https:\\\/\\\/pposiechnice.pl\\\/#\\\/schema\\\/logo\\\/image\\\/\",\"url\":\"https:\\\/\\\/pposiechnice.pl\\\/autoinstalator\\\/wordpress\\\/wp-content\\\/uploads\\\/2021\\\/12\\\/logo-1.svg\",\"contentUrl\":\"https:\\\/\\\/pposiechnice.pl\\\/autoinstalator\\\/wordpress\\\/wp-content\\\/uploads\\\/2021\\\/12\\\/logo-1.svg\",\"caption\":\"PPO Siechnice\"},\"image\":{\"@id\":\"https:\\\/\\\/pposiechnice.pl\\\/#\\\/schema\\\/logo\\\/image\\\/\"}}]}<\/script>\n<!-- \/ Yoast SEO plugin. -->","yoast_head_json":{"title":"F\u00fcr Lieferanten - PPO Siechnice","robots":{"index":"index","follow":"follow","max-snippet":"max-snippet:-1","max-image-preview":"max-image-preview:large","max-video-preview":"max-video-preview:-1"},"canonical":"https:\/\/pposiechnice.pl\/?page_id=1079&lang=de","og_locale":"pl_PL","og_type":"article","og_title":"F\u00fcr Lieferanten - PPO Siechnice","og_description":"Partnerschaft in der Wirtschaft Eine der S\u00e4ulen unseres Erfolgs ist die...","og_url":"https:\/\/pposiechnice.pl\/?page_id=1079&lang=de","og_site_name":"PPO Siechnice","og_image":[{"url":"http:\/\/localhost:7001\/ppo\/\/app\/uploads\/2020\/11\/DJI_0022-23-2-v2-box.jpg","type":"","width":"","height":""}],"twitter_card":"summary_large_image","twitter_misc":{"Szacowany czas czytania":"1 minuta"},"schema":{"@context":"https:\/\/schema.org","@graph":[{"@type":"WebPage","@id":"https:\/\/pposiechnice.pl\/?page_id=1079&lang=de","url":"https:\/\/pposiechnice.pl\/?page_id=1079&lang=de","name":"F\u00fcr Lieferanten - PPO Siechnice","isPartOf":{"@id":"https:\/\/pposiechnice.pl\/#website"},"primaryImageOfPage":{"@id":"https:\/\/pposiechnice.pl\/?page_id=1079&lang=de#primaryimage"},"image":{"@id":"https:\/\/pposiechnice.pl\/?page_id=1079&lang=de#primaryimage"},"thumbnailUrl":"http:\/\/localhost:7001\/ppo\/\/app\/uploads\/2020\/11\/DJI_0022-23-2-v2-box.jpg","datePublished":"2020-11-18T10:34:16+00:00","breadcrumb":{"@id":"https:\/\/pposiechnice.pl\/?page_id=1079&lang=de#breadcrumb"},"inLanguage":"pl-PL","potentialAction":[{"@type":"ReadAction","target":["https:\/\/pposiechnice.pl\/?page_id=1079&lang=de"]}]},{"@type":"ImageObject","inLanguage":"pl-PL","@id":"https:\/\/pposiechnice.pl\/?page_id=1079&lang=de#primaryimage","url":"http:\/\/localhost:7001\/ppo\/\/app\/uploads\/2020\/11\/DJI_0022-23-2-v2-box.jpg","contentUrl":"http:\/\/localhost:7001\/ppo\/\/app\/uploads\/2020\/11\/DJI_0022-23-2-v2-box.jpg"},{"@type":"BreadcrumbList","@id":"https:\/\/pposiechnice.pl\/?page_id=1079&lang=de#breadcrumb","itemListElement":[{"@type":"ListItem","position":1,"name":"Strona g\u0142\u00f3wna","item":"https:\/\/pposiechnice.pl\/"},{"@type":"ListItem","position":2,"name":"F\u00fcr Lieferanten"}]},{"@type":"WebSite","@id":"https:\/\/pposiechnice.pl\/#website","url":"https:\/\/pposiechnice.pl\/","name":"PPO Siechnice","description":"","publisher":{"@id":"https:\/\/pposiechnice.pl\/#organization"},"potentialAction":[{"@type":"SearchAction","target":{"@type":"EntryPoint","urlTemplate":"https:\/\/pposiechnice.pl\/?s={search_term_string}"},"query-input":{"@type":"PropertyValueSpecification","valueRequired":true,"valueName":"search_term_string"}}],"inLanguage":"pl-PL"},{"@type":"Organization","@id":"https:\/\/pposiechnice.pl\/#organization","name":"PPO Siechnice","url":"https:\/\/pposiechnice.pl\/","logo":{"@type":"ImageObject","inLanguage":"pl-PL","@id":"https:\/\/pposiechnice.pl\/#\/schema\/logo\/image\/","url":"https:\/\/pposiechnice.pl\/autoinstalator\/wordpress\/wp-content\/uploads\/2021\/12\/logo-1.svg","contentUrl":"https:\/\/pposiechnice.pl\/autoinstalator\/wordpress\/wp-content\/uploads\/2021\/12\/logo-1.svg","caption":"PPO Siechnice"},"image":{"@id":"https:\/\/pposiechnice.pl\/#\/schema\/logo\/image\/"}}]}},"_links":{"self":[{"href":"https:\/\/pposiechnice.pl\/index.php?rest_route=\/wp\/v2\/pages\/1079","targetHints":{"allow":["GET"]}}],"collection":[{"href":"https:\/\/pposiechnice.pl\/index.php?rest_route=\/wp\/v2\/pages"}],"about":[{"href":"https:\/\/pposiechnice.pl\/index.php?rest_route=\/wp\/v2\/types\/page"}],"author":[{"embeddable":true,"href":"https:\/\/pposiechnice.pl\/index.php?rest_route=\/wp\/v2\/users\/7"}],"replies":[{"embeddable":true,"href":"https:\/\/pposiechnice.pl\/index.php?rest_route=%2Fwp%2Fv2%2Fcomments&post=1079"}],"version-history":[{"count":2,"href":"https:\/\/pposiechnice.pl\/index.php?rest_route=\/wp\/v2\/pages\/1079\/revisions"}],"predecessor-version":[{"id":1081,"href":"https:\/\/pposiechnice.pl\/index.php?rest_route=\/wp\/v2\/pages\/1079\/revisions\/1081"}],"wp:attachment":[{"href":"https:\/\/pposiechnice.pl\/index.php?rest_route=%2Fwp%2Fv2%2Fmedia&parent=1079"}],"curies":[{"name":"wp","href":"https:\/\/api.w.org\/{rel}","templated":true}]}}