{"id":1093,"date":"2020-11-18T11:39:58","date_gmt":"2020-11-18T10:39:58","guid":{"rendered":"http:\/\/serwer2170194.home.pl\/autoinstalator\/wordpress\/?page_id=1093"},"modified":"2021-03-09T13:52:04","modified_gmt":"2021-03-09T12:52:04","slug":"in-einklang-mit-der-natur","status":"publish","type":"page","link":"https:\/\/pposiechnice.pl\/?page_id=1093&lang=de","title":{"rendered":"In Einklang mit der Natur"},"content":{"rendered":"\n<div style=\"height:47px\" aria-hidden=\"true\" class=\"wp-block-spacer\"><\/div>\n\n\n\n<div class=\"wp-block-columns is-layout-flex wp-container-core-columns-is-layout-9d6595d7 wp-block-columns-is-layout-flex\">\n<div class=\"wp-block-column is-layout-flow wp-block-column-is-layout-flow\">\n<h3 class=\"mb-3 wp-block-heading\"><strong>Hummel &#8211; Bombus terrestris<\/strong><\/h3>\n\n\n\n<p>Hummel &#8211; oder Bombus terrestris in der Tat &#8211; diese unauff\u00e4llige Kreatur ist \u00e4u\u00dferst flei\u00dfig und \u00e4u\u00dferst wichtig in unserem Produktionsprozess. Eine Armee kleiner Arbeiter best\u00e4ubt Tag f\u00fcr Tag unerm\u00fcdlich und bringt jede Tomate hervor, die wir anbauen. Der gro\u00dfe Vorteil von Hummeln ist ihre Tendenz, auch bei ung\u00fcnstigen Wetterbedingungen zu arbeiten, was Bienen oft von der Arbeit ausschlie\u00dft.<\/p>\n\n\n\n<p>Weil wir uns um die richtigen Bedingungen f\u00fcr unsere Mitarbeiter k\u00fcmmern &#8211; auch f\u00fcr die kleinsten &#8211; leben unsere Hummeln in den Bienenst\u00f6cken. In jedem von ihnen gibt es eine komplette Familie mit einer K\u00f6nigin und Arbeitern. Unsere Spezialisten beurteilen beim Blick in den Bienenstock den Zustand und die Gesundheit der Hummeln. Es ist wichtig, sie regelm\u00e4\u00dfig auszutauschen, daher werden alle 4 Wochen neue Bienenst\u00f6cke platziert. Die richtige Lage des Bienenstocks ist ebenfalls wichtig, damit diese wunderbaren Insekten leicht ihren Weg nach Hause finden k\u00f6nnen, um sich wohlverdient auszuruhen.<\/p>\n<\/div>\n\n\n\n<div class=\"wp-block-column is-layout-flow wp-block-column-is-layout-flow\">\n<figure class=\"wp-block-image size-large\"><img loading=\"lazy\" decoding=\"async\" width=\"1024\" height=\"683\" src=\"http:\/\/localhost:7001\/ppo\/\/app\/uploads\/2020\/10\/w-zgodzie.png\" alt=\"\" class=\"wp-image-746\" srcset=\"https:\/\/pposiechnice.pl\/autoinstalator\/wordpress\/wp-content\/uploads\/2020\/10\/w-zgodzie.png 1024w, https:\/\/pposiechnice.pl\/autoinstalator\/wordpress\/wp-content\/uploads\/2020\/10\/w-zgodzie-300x200.png 300w, https:\/\/pposiechnice.pl\/autoinstalator\/wordpress\/wp-content\/uploads\/2020\/10\/w-zgodzie-768x512.png 768w\" sizes=\"auto, (max-width: 1024px) 100vw, 1024px\" \/><\/figure>\n<\/div>\n<\/div>\n\n\n\n<div style=\"height:100px\" aria-hidden=\"true\" class=\"wp-block-spacer\"><\/div>\n\n\n\n<div class=\"wp-block-columns is-layout-flex wp-container-core-columns-is-layout-9d6595d7 wp-block-columns-is-layout-flex\">\n<div class=\"wp-block-column is-layout-flow wp-block-column-is-layout-flow\">\n<figure class=\"wp-block-image size-large\"><img loading=\"lazy\" decoding=\"async\" width=\"730\" height=\"319\" src=\"http:\/\/localhost:7001\/ppo\/\/app\/uploads\/2020\/10\/extra-tlo-edited.png\" alt=\"\" class=\"wp-image-718\" srcset=\"https:\/\/pposiechnice.pl\/autoinstalator\/wordpress\/wp-content\/uploads\/2020\/10\/extra-tlo-edited.png 730w, https:\/\/pposiechnice.pl\/autoinstalator\/wordpress\/wp-content\/uploads\/2020\/10\/extra-tlo-edited-300x131.png 300w\" sizes=\"auto, (max-width: 730px) 100vw, 730px\" \/><\/figure>\n<\/div>\n\n\n\n<div class=\"wp-block-column is-layout-flow wp-block-column-is-layout-flow\">\n<h3 class=\"mb-3 wp-block-heading\"><strong><strong>Nat\u00fcrlicher Schutz<\/strong><\/strong><\/h3>\n\n\n\n<p>Wir k\u00fcmmern uns um die Sicherheit der Umwelt und unserer Pflanzen und verwenden nat\u00fcrliche und sichere biologische L\u00f6sungen zur Bek\u00e4mpfung von Sch\u00e4dlingen und Pflanzenkrankheiten. Sch\u00e4dliche Insekten und Krankheiten k\u00f6nnen zu Ernteverlusten, Qualit\u00e4tseinbu\u00dfen oder sogar zur Verhinderung des Anbaus f\u00fchren. Um dies zu vermeiden, w\u00e4hlen unsere Spezialisten die nat\u00fcrlichen Feinde von Sch\u00e4dlingen sorgf\u00e4ltig aus und verwenden sie. Auf diese Weise k\u00f6nnen sie in \u00dcbereinstimmung mit der Natur die Anzahl der Sch\u00e4dlinge verringern und die Menge an chemischen Pflanzenschutzmitteln minimieren oder eliminieren. Sicherheit ist immer unsere Priorit\u00e4t.<\/p>\n<\/div>\n<\/div>\n","protected":false},"excerpt":{"rendered":"<p>Hummel &#8211; Bombus terrestris Hummel &#8211; oder Bombus terrestris in der&#8230;<\/p>\n","protected":false},"author":7,"featured_media":0,"parent":0,"menu_order":0,"comment_status":"closed","ping_status":"closed","template":"","meta":{"_acf_changed":false,"inline_featured_image":false,"footnotes":""},"class_list":["post-1093","page","type-page","status-publish","hentry"],"acf":[],"yoast_head":"<!-- This site is optimized with the Yoast SEO plugin v27.6 - https:\/\/yoast.com\/product\/yoast-seo-wordpress\/ -->\n<title>In Einklang mit der Natur - PPO Siechnice<\/title>\n<meta name=\"robots\" content=\"index, follow, max-snippet:-1, max-image-preview:large, max-video-preview:-1\" \/>\n<link rel=\"canonical\" href=\"https:\/\/pposiechnice.pl\/?page_id=1093&lang=de\" \/>\n<meta property=\"og:locale\" content=\"pl_PL\" \/>\n<meta property=\"og:type\" content=\"article\" \/>\n<meta property=\"og:title\" content=\"In Einklang mit der Natur - PPO Siechnice\" \/>\n<meta property=\"og:description\" content=\"Hummel &#8211; Bombus terrestris Hummel &#8211; oder Bombus terrestris in der...\" \/>\n<meta property=\"og:url\" content=\"https:\/\/pposiechnice.pl\/?page_id=1093&amp;lang=de\" \/>\n<meta property=\"og:site_name\" content=\"PPO Siechnice\" \/>\n<meta property=\"article:modified_time\" content=\"2021-03-09T12:52:04+00:00\" \/>\n<meta property=\"og:image\" content=\"http:\/\/localhost:7001\/ppo\/\/app\/uploads\/2020\/10\/w-zgodzie.png\" \/>\n<meta name=\"twitter:card\" content=\"summary_large_image\" \/>\n<meta name=\"twitter:label1\" content=\"Szacowany czas czytania\" \/>\n\t<meta name=\"twitter:data1\" content=\"2 minuty\" \/>\n<script type=\"application\/ld+json\" class=\"yoast-schema-graph\">{\"@context\":\"https:\\\/\\\/schema.org\",\"@graph\":[{\"@type\":\"WebPage\",\"@id\":\"https:\\\/\\\/pposiechnice.pl\\\/?page_id=1093&lang=de\",\"url\":\"https:\\\/\\\/pposiechnice.pl\\\/?page_id=1093&lang=de\",\"name\":\"In Einklang mit der Natur - PPO Siechnice\",\"isPartOf\":{\"@id\":\"https:\\\/\\\/pposiechnice.pl\\\/#website\"},\"primaryImageOfPage\":{\"@id\":\"https:\\\/\\\/pposiechnice.pl\\\/?page_id=1093&lang=de#primaryimage\"},\"image\":{\"@id\":\"https:\\\/\\\/pposiechnice.pl\\\/?page_id=1093&lang=de#primaryimage\"},\"thumbnailUrl\":\"http:\\\/\\\/localhost:7001\\\/ppo\\\/\\\/app\\\/uploads\\\/2020\\\/10\\\/w-zgodzie.png\",\"datePublished\":\"2020-11-18T10:39:58+00:00\",\"dateModified\":\"2021-03-09T12:52:04+00:00\",\"breadcrumb\":{\"@id\":\"https:\\\/\\\/pposiechnice.pl\\\/?page_id=1093&lang=de#breadcrumb\"},\"inLanguage\":\"pl-PL\",\"potentialAction\":[{\"@type\":\"ReadAction\",\"target\":[\"https:\\\/\\\/pposiechnice.pl\\\/?page_id=1093&lang=de\"]}]},{\"@type\":\"ImageObject\",\"inLanguage\":\"pl-PL\",\"@id\":\"https:\\\/\\\/pposiechnice.pl\\\/?page_id=1093&lang=de#primaryimage\",\"url\":\"http:\\\/\\\/localhost:7001\\\/ppo\\\/\\\/app\\\/uploads\\\/2020\\\/10\\\/w-zgodzie.png\",\"contentUrl\":\"http:\\\/\\\/localhost:7001\\\/ppo\\\/\\\/app\\\/uploads\\\/2020\\\/10\\\/w-zgodzie.png\"},{\"@type\":\"BreadcrumbList\",\"@id\":\"https:\\\/\\\/pposiechnice.pl\\\/?page_id=1093&lang=de#breadcrumb\",\"itemListElement\":[{\"@type\":\"ListItem\",\"position\":1,\"name\":\"Strona g\u0142\u00f3wna\",\"item\":\"https:\\\/\\\/pposiechnice.pl\\\/\"},{\"@type\":\"ListItem\",\"position\":2,\"name\":\"In Einklang mit der Natur\"}]},{\"@type\":\"WebSite\",\"@id\":\"https:\\\/\\\/pposiechnice.pl\\\/#website\",\"url\":\"https:\\\/\\\/pposiechnice.pl\\\/\",\"name\":\"PPO Siechnice\",\"description\":\"\",\"publisher\":{\"@id\":\"https:\\\/\\\/pposiechnice.pl\\\/#organization\"},\"potentialAction\":[{\"@type\":\"SearchAction\",\"target\":{\"@type\":\"EntryPoint\",\"urlTemplate\":\"https:\\\/\\\/pposiechnice.pl\\\/?s={search_term_string}\"},\"query-input\":{\"@type\":\"PropertyValueSpecification\",\"valueRequired\":true,\"valueName\":\"search_term_string\"}}],\"inLanguage\":\"pl-PL\"},{\"@type\":\"Organization\",\"@id\":\"https:\\\/\\\/pposiechnice.pl\\\/#organization\",\"name\":\"PPO Siechnice\",\"url\":\"https:\\\/\\\/pposiechnice.pl\\\/\",\"logo\":{\"@type\":\"ImageObject\",\"inLanguage\":\"pl-PL\",\"@id\":\"https:\\\/\\\/pposiechnice.pl\\\/#\\\/schema\\\/logo\\\/image\\\/\",\"url\":\"https:\\\/\\\/pposiechnice.pl\\\/autoinstalator\\\/wordpress\\\/wp-content\\\/uploads\\\/2021\\\/12\\\/logo-1.svg\",\"contentUrl\":\"https:\\\/\\\/pposiechnice.pl\\\/autoinstalator\\\/wordpress\\\/wp-content\\\/uploads\\\/2021\\\/12\\\/logo-1.svg\",\"caption\":\"PPO Siechnice\"},\"image\":{\"@id\":\"https:\\\/\\\/pposiechnice.pl\\\/#\\\/schema\\\/logo\\\/image\\\/\"}}]}<\/script>\n<!-- \/ Yoast SEO plugin. -->","yoast_head_json":{"title":"In Einklang mit der Natur - PPO Siechnice","robots":{"index":"index","follow":"follow","max-snippet":"max-snippet:-1","max-image-preview":"max-image-preview:large","max-video-preview":"max-video-preview:-1"},"canonical":"https:\/\/pposiechnice.pl\/?page_id=1093&lang=de","og_locale":"pl_PL","og_type":"article","og_title":"In Einklang mit der Natur - PPO Siechnice","og_description":"Hummel &#8211; Bombus terrestris Hummel &#8211; oder Bombus terrestris in der...","og_url":"https:\/\/pposiechnice.pl\/?page_id=1093&lang=de","og_site_name":"PPO Siechnice","article_modified_time":"2021-03-09T12:52:04+00:00","og_image":[{"url":"http:\/\/localhost:7001\/ppo\/\/app\/uploads\/2020\/10\/w-zgodzie.png","type":"","width":"","height":""}],"twitter_card":"summary_large_image","twitter_misc":{"Szacowany czas czytania":"2 minuty"},"schema":{"@context":"https:\/\/schema.org","@graph":[{"@type":"WebPage","@id":"https:\/\/pposiechnice.pl\/?page_id=1093&lang=de","url":"https:\/\/pposiechnice.pl\/?page_id=1093&lang=de","name":"In Einklang mit der Natur - PPO Siechnice","isPartOf":{"@id":"https:\/\/pposiechnice.pl\/#website"},"primaryImageOfPage":{"@id":"https:\/\/pposiechnice.pl\/?page_id=1093&lang=de#primaryimage"},"image":{"@id":"https:\/\/pposiechnice.pl\/?page_id=1093&lang=de#primaryimage"},"thumbnailUrl":"http:\/\/localhost:7001\/ppo\/\/app\/uploads\/2020\/10\/w-zgodzie.png","datePublished":"2020-11-18T10:39:58+00:00","dateModified":"2021-03-09T12:52:04+00:00","breadcrumb":{"@id":"https:\/\/pposiechnice.pl\/?page_id=1093&lang=de#breadcrumb"},"inLanguage":"pl-PL","potentialAction":[{"@type":"ReadAction","target":["https:\/\/pposiechnice.pl\/?page_id=1093&lang=de"]}]},{"@type":"ImageObject","inLanguage":"pl-PL","@id":"https:\/\/pposiechnice.pl\/?page_id=1093&lang=de#primaryimage","url":"http:\/\/localhost:7001\/ppo\/\/app\/uploads\/2020\/10\/w-zgodzie.png","contentUrl":"http:\/\/localhost:7001\/ppo\/\/app\/uploads\/2020\/10\/w-zgodzie.png"},{"@type":"BreadcrumbList","@id":"https:\/\/pposiechnice.pl\/?page_id=1093&lang=de#breadcrumb","itemListElement":[{"@type":"ListItem","position":1,"name":"Strona g\u0142\u00f3wna","item":"https:\/\/pposiechnice.pl\/"},{"@type":"ListItem","position":2,"name":"In Einklang mit der Natur"}]},{"@type":"WebSite","@id":"https:\/\/pposiechnice.pl\/#website","url":"https:\/\/pposiechnice.pl\/","name":"PPO Siechnice","description":"","publisher":{"@id":"https:\/\/pposiechnice.pl\/#organization"},"potentialAction":[{"@type":"SearchAction","target":{"@type":"EntryPoint","urlTemplate":"https:\/\/pposiechnice.pl\/?s={search_term_string}"},"query-input":{"@type":"PropertyValueSpecification","valueRequired":true,"valueName":"search_term_string"}}],"inLanguage":"pl-PL"},{"@type":"Organization","@id":"https:\/\/pposiechnice.pl\/#organization","name":"PPO Siechnice","url":"https:\/\/pposiechnice.pl\/","logo":{"@type":"ImageObject","inLanguage":"pl-PL","@id":"https:\/\/pposiechnice.pl\/#\/schema\/logo\/image\/","url":"https:\/\/pposiechnice.pl\/autoinstalator\/wordpress\/wp-content\/uploads\/2021\/12\/logo-1.svg","contentUrl":"https:\/\/pposiechnice.pl\/autoinstalator\/wordpress\/wp-content\/uploads\/2021\/12\/logo-1.svg","caption":"PPO Siechnice"},"image":{"@id":"https:\/\/pposiechnice.pl\/#\/schema\/logo\/image\/"}}]}},"_links":{"self":[{"href":"https:\/\/pposiechnice.pl\/index.php?rest_route=\/wp\/v2\/pages\/1093","targetHints":{"allow":["GET"]}}],"collection":[{"href":"https:\/\/pposiechnice.pl\/index.php?rest_route=\/wp\/v2\/pages"}],"about":[{"href":"https:\/\/pposiechnice.pl\/index.php?rest_route=\/wp\/v2\/types\/page"}],"author":[{"embeddable":true,"href":"https:\/\/pposiechnice.pl\/index.php?rest_route=\/wp\/v2\/users\/7"}],"replies":[{"embeddable":true,"href":"https:\/\/pposiechnice.pl\/index.php?rest_route=%2Fwp%2Fv2%2Fcomments&post=1093"}],"version-history":[{"count":4,"href":"https:\/\/pposiechnice.pl\/index.php?rest_route=\/wp\/v2\/pages\/1093\/revisions"}],"predecessor-version":[{"id":1217,"href":"https:\/\/pposiechnice.pl\/index.php?rest_route=\/wp\/v2\/pages\/1093\/revisions\/1217"}],"wp:attachment":[{"href":"https:\/\/pposiechnice.pl\/index.php?rest_route=%2Fwp%2Fv2%2Fmedia&parent=1093"}],"curies":[{"name":"wp","href":"https:\/\/api.w.org\/{rel}","templated":true}]}}