{"id":1681,"date":"2026-04-20T11:38:51","date_gmt":"2026-04-20T09:38:51","guid":{"rendered":"https:\/\/pposiechnice.pl\/?page_id=1681"},"modified":"2026-04-21T09:57:22","modified_gmt":"2026-04-21T07:57:22","slug":"dofinansowanie","status":"publish","type":"page","link":"https:\/\/pposiechnice.pl\/?page_id=1681","title":{"rendered":"Dofinansowanie"},"content":{"rendered":"<div class=\"wp-block-columns\">\u00a0<\/div>\n\n<div class=\"wp-block-image is-style-default\">\n<figure class=\"aligncenter size-full is-resized\"><img loading=\"lazy\" decoding=\"async\" width=\"1501\" height=\"195\" src=\"https:\/\/pposiechnice.pl\/autoinstalator\/wordpress\/wp-content\/uploads\/2026\/04\/dofinansowanie.png\" alt=\"\" class=\"wp-image-1685\" style=\"width:870px\" srcset=\"https:\/\/pposiechnice.pl\/autoinstalator\/wordpress\/wp-content\/uploads\/2026\/04\/dofinansowanie.png 1501w, https:\/\/pposiechnice.pl\/autoinstalator\/wordpress\/wp-content\/uploads\/2026\/04\/dofinansowanie-300x39.png 300w, https:\/\/pposiechnice.pl\/autoinstalator\/wordpress\/wp-content\/uploads\/2026\/04\/dofinansowanie-1024x133.png 1024w, https:\/\/pposiechnice.pl\/autoinstalator\/wordpress\/wp-content\/uploads\/2026\/04\/dofinansowanie-768x100.png 768w\" sizes=\"auto, (max-width: 1501px) 100vw, 1501px\" \/><\/figure>\n<\/div>\n\n<p><!-- \/wp:post-content --><!-- wp:post-content --><!-- wp:image {\"id\":1685,\"width\":\"1000px\",\"aspectRatio\":\"7.69775010612707\",\"scale\":\"cover\",\"sizeSlug\":\"full\",\"linkDestination\":\"none\",\"align\":\"center\"} --><\/p>\n<figure class=\"wp-block-image aligncenter size-full is-resized\"><\/figure>\n<div class=\"wp-block-columns\">\n<div class=\"wp-block-column\" style=\"flex-basis: 1000px;\">\n<p><!-- \/wp:image --><\/p>\n<p><!-- wp:paragraph --><\/p>\n<p><!-- \/wp:paragraph --><\/p>\n<p><!-- wp:paragraph {\"align\":\"left\"} --><\/p>\n<p class=\"has-text-align-left\" style=\"padding-left: 320px; text-align: justify;\">PRZEDSI\u0118BIORSTWO PRODUKCJI OGRODNICZEJ SIECHNICE SP. Z O. O. realizuje projekt pn. \u201eInwestycja w przedsi\u0119biorstwie PRZEDSI\u0118BIORSTWO PRODUKCJI OGRODNICZEJ SIECHNICE Sp. z o.o. wspieraj\u0105ca efektywno\u015b\u0107 energetyczn\u0105\u201d wsp\u00f3\u0142finansowany ze \u015brodk\u00f3w Unii Europejskiej w ramach Programu Fundusze Europejskie dla Nowoczesnej Gospodarki, na podstawie umowy o dofinansowanie nr FENG.03.01-IP.03-0708\/24-00.<\/p>\n<p><!-- \/wp:paragraph --><\/p>\n<p><!-- wp:paragraph --><\/p>\n<p style=\"padding-left: 320px; text-align: justify;\">Celem realizacji przedsi\u0119wzi\u0119cia przedstawionego we wniosku jest zwi\u0119kszenie efektywno\u015bci energetycznej w Przedsi\u0119biorstwie Produkcji Ogrodniczej Siechnice<\/br>Sp. z o.o.<\/p>\n<p><!-- \/wp:paragraph --><\/p>\n<p><!-- wp:paragraph --><\/p>\n<p style=\"padding-left: 320px; text-align: justify;\">Przedmiotem projektu jest inwestycja w wymian\u0119 opraw o\u015bwietleniowych sodowych na ich ledowe odpowiedniki.<\/p>\n<p><!-- \/wp:paragraph --><\/p>\n<p><!-- wp:paragraph --><\/p>\n<p style=\"padding-left: 320px; text-align: justify;\">Inwestycja b\u0119dzie realizowana w budynkach szklarniowych o \u0142\u0105cznej powierzchni ok. 372 342 m2 zlokalizowanych w Siechnicach (wojew\u00f3dztwo dolno\u015bl\u0105skie), kt\u00f3re s\u0105 przeznaczone do upraw warzyw szklarniowych. Przeprowadzana modernizacja spowoduje znaczn\u0105 redukcj\u0119 zu\u017cycia energii elektrycznej przez pracuj\u0105ce \u017ar\u00f3d\u0142a \u015bwiat\u0142a.<\/p>\n<p><!-- \/wp:paragraph --><\/p>\n<p><!-- wp:paragraph --><\/p>\n<p style=\"padding-left: 320px; text-align: justify;\">Przedsi\u0119wzi\u0119cie maj\u0105ce na celu wzrost efektywno\u015bci energetycznej przedsi\u0119biorstwa, kt\u00f3re polega na wymianie 24 490 sztuk opraw sodowych na tak\u0105 sam\u0105 ilo\u015b\u0107 opraw LED wp\u0142ynie na zmniejszenie wykorzystania energii pierwotnej o 45,64 % (86 215,73 MWh\/rok).<\/p>\n<p><!-- \/wp:paragraph --><\/p>\n<p><!-- wp:paragraph --><\/p>\n<p style=\"padding-left: 320px; text-align: justify;\">Grup\u0105 docelow\u0105 projektu s\u0105 przede wszystkim PRZEDSI\u0118BIORSTWO PRODUKCJI OGRODNICZEJ SIECHNICE Sp. z o.o. jako bezpo\u015bredni beneficjent, jego pracownicy oraz odbiorcy produkt\u00f3w (sieci handlowe i konsumenci), a tak\u017ce spo\u0142eczno\u015b\u0107 lokalna i \u015brodowisko naturalne, kt\u00f3re skorzystaj\u0105 na ograniczeniu zu\u017cycia energii i emisji CO\u2082.<\/p><\/br>\n<p><!-- \/wp:paragraph --><\/p>\n<p><!-- wp:paragraph --><\/p>\n<p style=\"padding-left: 360px; text-align: justify;\">Warto\u015b\u0107 projektu: 35 980 912,00 z\u0142<\/p>\n<p><!-- \/wp:paragraph --><\/p>\n<p><!-- wp:paragraph --><\/p>\n<p style=\"padding-left: 360px; text-align: justify;\">Warto\u015b\u0107 dofinansowania: 10 791 273,60 z\u0142<\/p>\n<p><!-- \/wp:paragraph --><\/p>\n<p><!-- wp:paragraph --><\/p>\n<p style=\"padding-left: 360px; text-align: justify;\">#FunduszeUE #FunduszeEuropejskie<\/p>\n<p><!-- \/wp:paragraph --><!-- \/wp:post-content --><!-- \/wp:columns --><\/p>\n<\/div>\n<\/div>","protected":false},"excerpt":{"rendered":"<p>\u00a0 PRZEDSI\u0118BIORSTWO PRODUKCJI OGRODNICZEJ SIECHNICE SP. Z O. O. realizuje projekt&#8230;<\/p>\n","protected":false},"author":5,"featured_media":0,"parent":0,"menu_order":0,"comment_status":"closed","ping_status":"closed","template":"","meta":{"_acf_changed":false,"inline_featured_image":false,"footnotes":""},"class_list":["post-1681","page","type-page","status-publish","hentry"],"acf":[],"yoast_head":"<!-- This site is optimized with the Yoast SEO plugin v27.4 - https:\/\/yoast.com\/product\/yoast-seo-wordpress\/ -->\n<title>Dofinansowanie - PPO Siechnice<\/title>\n<meta name=\"robots\" content=\"index, follow, max-snippet:-1, max-image-preview:large, max-video-preview:-1\" \/>\n<link rel=\"canonical\" href=\"https:\/\/pposiechnice.pl\/?page_id=1681\" \/>\n<meta property=\"og:locale\" content=\"pl_PL\" \/>\n<meta property=\"og:type\" content=\"article\" \/>\n<meta property=\"og:title\" content=\"Dofinansowanie - PPO Siechnice\" \/>\n<meta property=\"og:description\" content=\"\u00a0 PRZEDSI\u0118BIORSTWO PRODUKCJI OGRODNICZEJ SIECHNICE SP. Z O. O. realizuje projekt...\" \/>\n<meta property=\"og:url\" content=\"https:\/\/pposiechnice.pl\/?page_id=1681\" \/>\n<meta property=\"og:site_name\" content=\"PPO Siechnice\" \/>\n<meta property=\"article:modified_time\" content=\"2026-04-21T07:57:22+00:00\" \/>\n<meta property=\"og:image\" content=\"https:\/\/pposiechnice.pl\/autoinstalator\/wordpress\/wp-content\/uploads\/2026\/04\/dofinansowanie.png\" \/>\n\t<meta property=\"og:image:width\" content=\"1501\" \/>\n\t<meta property=\"og:image:height\" content=\"195\" \/>\n\t<meta property=\"og:image:type\" content=\"image\/png\" \/>\n<meta name=\"twitter:card\" content=\"summary_large_image\" \/>\n<meta name=\"twitter:label1\" content=\"Szacowany czas czytania\" \/>\n\t<meta name=\"twitter:data1\" content=\"2 minuty\" \/>\n<script type=\"application\/ld+json\" class=\"yoast-schema-graph\">{\"@context\":\"https:\\\/\\\/schema.org\",\"@graph\":[{\"@type\":\"WebPage\",\"@id\":\"https:\\\/\\\/pposiechnice.pl\\\/?page_id=1681\",\"url\":\"https:\\\/\\\/pposiechnice.pl\\\/?page_id=1681\",\"name\":\"Dofinansowanie - PPO Siechnice\",\"isPartOf\":{\"@id\":\"https:\\\/\\\/pposiechnice.pl\\\/#website\"},\"primaryImageOfPage\":{\"@id\":\"https:\\\/\\\/pposiechnice.pl\\\/?page_id=1681#primaryimage\"},\"image\":{\"@id\":\"https:\\\/\\\/pposiechnice.pl\\\/?page_id=1681#primaryimage\"},\"thumbnailUrl\":\"https:\\\/\\\/pposiechnice.pl\\\/autoinstalator\\\/wordpress\\\/wp-content\\\/uploads\\\/2026\\\/04\\\/dofinansowanie.png\",\"datePublished\":\"2026-04-20T09:38:51+00:00\",\"dateModified\":\"2026-04-21T07:57:22+00:00\",\"breadcrumb\":{\"@id\":\"https:\\\/\\\/pposiechnice.pl\\\/?page_id=1681#breadcrumb\"},\"inLanguage\":\"pl-PL\",\"potentialAction\":[{\"@type\":\"ReadAction\",\"target\":[\"https:\\\/\\\/pposiechnice.pl\\\/?page_id=1681\"]}]},{\"@type\":\"ImageObject\",\"inLanguage\":\"pl-PL\",\"@id\":\"https:\\\/\\\/pposiechnice.pl\\\/?page_id=1681#primaryimage\",\"url\":\"https:\\\/\\\/pposiechnice.pl\\\/autoinstalator\\\/wordpress\\\/wp-content\\\/uploads\\\/2026\\\/04\\\/dofinansowanie.png\",\"contentUrl\":\"https:\\\/\\\/pposiechnice.pl\\\/autoinstalator\\\/wordpress\\\/wp-content\\\/uploads\\\/2026\\\/04\\\/dofinansowanie.png\",\"width\":1501,\"height\":195},{\"@type\":\"BreadcrumbList\",\"@id\":\"https:\\\/\\\/pposiechnice.pl\\\/?page_id=1681#breadcrumb\",\"itemListElement\":[{\"@type\":\"ListItem\",\"position\":1,\"name\":\"Strona g\u0142\u00f3wna\",\"item\":\"https:\\\/\\\/pposiechnice.pl\\\/\"},{\"@type\":\"ListItem\",\"position\":2,\"name\":\"Dofinansowanie\"}]},{\"@type\":\"WebSite\",\"@id\":\"https:\\\/\\\/pposiechnice.pl\\\/#website\",\"url\":\"https:\\\/\\\/pposiechnice.pl\\\/\",\"name\":\"PPO Siechnice\",\"description\":\"\",\"publisher\":{\"@id\":\"https:\\\/\\\/pposiechnice.pl\\\/#organization\"},\"potentialAction\":[{\"@type\":\"SearchAction\",\"target\":{\"@type\":\"EntryPoint\",\"urlTemplate\":\"https:\\\/\\\/pposiechnice.pl\\\/?s={search_term_string}\"},\"query-input\":{\"@type\":\"PropertyValueSpecification\",\"valueRequired\":true,\"valueName\":\"search_term_string\"}}],\"inLanguage\":\"pl-PL\"},{\"@type\":\"Organization\",\"@id\":\"https:\\\/\\\/pposiechnice.pl\\\/#organization\",\"name\":\"PPO Siechnice\",\"url\":\"https:\\\/\\\/pposiechnice.pl\\\/\",\"logo\":{\"@type\":\"ImageObject\",\"inLanguage\":\"pl-PL\",\"@id\":\"https:\\\/\\\/pposiechnice.pl\\\/#\\\/schema\\\/logo\\\/image\\\/\",\"url\":\"https:\\\/\\\/pposiechnice.pl\\\/autoinstalator\\\/wordpress\\\/wp-content\\\/uploads\\\/2021\\\/12\\\/logo-1.svg\",\"contentUrl\":\"https:\\\/\\\/pposiechnice.pl\\\/autoinstalator\\\/wordpress\\\/wp-content\\\/uploads\\\/2021\\\/12\\\/logo-1.svg\",\"caption\":\"PPO Siechnice\"},\"image\":{\"@id\":\"https:\\\/\\\/pposiechnice.pl\\\/#\\\/schema\\\/logo\\\/image\\\/\"}}]}<\/script>\n<!-- \/ Yoast SEO plugin. -->","yoast_head_json":{"title":"Dofinansowanie - PPO Siechnice","robots":{"index":"index","follow":"follow","max-snippet":"max-snippet:-1","max-image-preview":"max-image-preview:large","max-video-preview":"max-video-preview:-1"},"canonical":"https:\/\/pposiechnice.pl\/?page_id=1681","og_locale":"pl_PL","og_type":"article","og_title":"Dofinansowanie - PPO Siechnice","og_description":"\u00a0 PRZEDSI\u0118BIORSTWO PRODUKCJI OGRODNICZEJ SIECHNICE SP. Z O. O. realizuje projekt...","og_url":"https:\/\/pposiechnice.pl\/?page_id=1681","og_site_name":"PPO Siechnice","article_modified_time":"2026-04-21T07:57:22+00:00","og_image":[{"width":1501,"height":195,"url":"https:\/\/pposiechnice.pl\/autoinstalator\/wordpress\/wp-content\/uploads\/2026\/04\/dofinansowanie.png","type":"image\/png"}],"twitter_card":"summary_large_image","twitter_misc":{"Szacowany czas czytania":"2 minuty"},"schema":{"@context":"https:\/\/schema.org","@graph":[{"@type":"WebPage","@id":"https:\/\/pposiechnice.pl\/?page_id=1681","url":"https:\/\/pposiechnice.pl\/?page_id=1681","name":"Dofinansowanie - PPO Siechnice","isPartOf":{"@id":"https:\/\/pposiechnice.pl\/#website"},"primaryImageOfPage":{"@id":"https:\/\/pposiechnice.pl\/?page_id=1681#primaryimage"},"image":{"@id":"https:\/\/pposiechnice.pl\/?page_id=1681#primaryimage"},"thumbnailUrl":"https:\/\/pposiechnice.pl\/autoinstalator\/wordpress\/wp-content\/uploads\/2026\/04\/dofinansowanie.png","datePublished":"2026-04-20T09:38:51+00:00","dateModified":"2026-04-21T07:57:22+00:00","breadcrumb":{"@id":"https:\/\/pposiechnice.pl\/?page_id=1681#breadcrumb"},"inLanguage":"pl-PL","potentialAction":[{"@type":"ReadAction","target":["https:\/\/pposiechnice.pl\/?page_id=1681"]}]},{"@type":"ImageObject","inLanguage":"pl-PL","@id":"https:\/\/pposiechnice.pl\/?page_id=1681#primaryimage","url":"https:\/\/pposiechnice.pl\/autoinstalator\/wordpress\/wp-content\/uploads\/2026\/04\/dofinansowanie.png","contentUrl":"https:\/\/pposiechnice.pl\/autoinstalator\/wordpress\/wp-content\/uploads\/2026\/04\/dofinansowanie.png","width":1501,"height":195},{"@type":"BreadcrumbList","@id":"https:\/\/pposiechnice.pl\/?page_id=1681#breadcrumb","itemListElement":[{"@type":"ListItem","position":1,"name":"Strona g\u0142\u00f3wna","item":"https:\/\/pposiechnice.pl\/"},{"@type":"ListItem","position":2,"name":"Dofinansowanie"}]},{"@type":"WebSite","@id":"https:\/\/pposiechnice.pl\/#website","url":"https:\/\/pposiechnice.pl\/","name":"PPO Siechnice","description":"","publisher":{"@id":"https:\/\/pposiechnice.pl\/#organization"},"potentialAction":[{"@type":"SearchAction","target":{"@type":"EntryPoint","urlTemplate":"https:\/\/pposiechnice.pl\/?s={search_term_string}"},"query-input":{"@type":"PropertyValueSpecification","valueRequired":true,"valueName":"search_term_string"}}],"inLanguage":"pl-PL"},{"@type":"Organization","@id":"https:\/\/pposiechnice.pl\/#organization","name":"PPO Siechnice","url":"https:\/\/pposiechnice.pl\/","logo":{"@type":"ImageObject","inLanguage":"pl-PL","@id":"https:\/\/pposiechnice.pl\/#\/schema\/logo\/image\/","url":"https:\/\/pposiechnice.pl\/autoinstalator\/wordpress\/wp-content\/uploads\/2021\/12\/logo-1.svg","contentUrl":"https:\/\/pposiechnice.pl\/autoinstalator\/wordpress\/wp-content\/uploads\/2021\/12\/logo-1.svg","caption":"PPO Siechnice"},"image":{"@id":"https:\/\/pposiechnice.pl\/#\/schema\/logo\/image\/"}}]}},"_links":{"self":[{"href":"https:\/\/pposiechnice.pl\/index.php?rest_route=\/wp\/v2\/pages\/1681","targetHints":{"allow":["GET"]}}],"collection":[{"href":"https:\/\/pposiechnice.pl\/index.php?rest_route=\/wp\/v2\/pages"}],"about":[{"href":"https:\/\/pposiechnice.pl\/index.php?rest_route=\/wp\/v2\/types\/page"}],"author":[{"embeddable":true,"href":"https:\/\/pposiechnice.pl\/index.php?rest_route=\/wp\/v2\/users\/5"}],"replies":[{"embeddable":true,"href":"https:\/\/pposiechnice.pl\/index.php?rest_route=%2Fwp%2Fv2%2Fcomments&post=1681"}],"version-history":[{"count":85,"href":"https:\/\/pposiechnice.pl\/index.php?rest_route=\/wp\/v2\/pages\/1681\/revisions"}],"predecessor-version":[{"id":1793,"href":"https:\/\/pposiechnice.pl\/index.php?rest_route=\/wp\/v2\/pages\/1681\/revisions\/1793"}],"wp:attachment":[{"href":"https:\/\/pposiechnice.pl\/index.php?rest_route=%2Fwp%2Fv2%2Fmedia&parent=1681"}],"curies":[{"name":"wp","href":"https:\/\/api.w.org\/{rel}","templated":true}]}}