{"id":22,"date":"2020-04-01T14:51:29","date_gmt":"2020-04-01T12:51:29","guid":{"rendered":"http:\/\/localhost:7001\/ppo\/?page_id=22"},"modified":"2021-02-19T09:15:31","modified_gmt":"2021-02-19T08:15:31","slug":"w-zgodzie-z-natura","status":"publish","type":"page","link":"https:\/\/pposiechnice.pl\/?page_id=22","title":{"rendered":"W zgodzie z natur\u0105"},"content":{"rendered":"\n<div style=\"height:47px\" aria-hidden=\"true\" class=\"wp-block-spacer\"><\/div>\n\n\n\n<div class=\"wp-block-columns is-layout-flex wp-container-core-columns-is-layout-9d6595d7 wp-block-columns-is-layout-flex\">\n<div class=\"wp-block-column is-layout-flow wp-block-column-is-layout-flow\">\n<h3 class=\"mb-3 wp-block-heading\"><strong>Trzmiel &#8211; Bombus terrestris<\/strong><\/h3>\n\n\n\n<p>Trzmiel- a w zasadzie <em>Bombus terrestris<\/em> &#8211; ta niepozorna istota jest niesamowicie pracowita i niezwykle istotna w naszym procesie produkcji. Armia ma\u0142ych pracownik\u00f3w niestrudzenie, dzie\u0144 po dniu dokonuje zapylenia daj\u0105c pocz\u0105tek ka\u017cdemu pomidorowi z naszej uprawy. Wielk\u0105 zalet\u0105 trzmieli jest ich sk\u0142onno\u015b\u0107 do pracy nawet w niesprzyjanych warunkach atmosferycznych, co bardzo cz\u0119sto wyklucza z pracy pszczo\u0142y.<\/p>\n\n\n\n<p>Poniewa\u017c dbamy o w\u0142a\u015bciwe warunki dla naszych pracownik\u00f3w \u2013 nawet tych najmniejszych \u2013 to nasze trzmiele mieszkaj\u0105 w ulach. W ka\u017cdym z nich znajduje si\u0119 kompletna rodzina z kr\u00f3low\u0105 i robotnicami. Nasi specjali\u015bci zagl\u0105daj\u0105c do ula oceniaj\u0105 kondycj\u0119 i zdrowie trzmieli. Istotna jest ich regularna wymiana, dlatego co 4 tygodnie wstawiane s\u0105 nowe ule. Nie bez znaczenia pozostaje r\u00f3wnie\u017c w\u0142a\u015bciwe usytuowanie ula, takie by te wspania\u0142e owady bez trudu znalaz\u0142y drog\u0119 powrotn\u0105 do domu za zas\u0142u\u017cony odpoczynek.<\/p>\n<\/div>\n\n\n\n<div class=\"wp-block-column is-layout-flow wp-block-column-is-layout-flow\">\n<figure class=\"wp-block-image size-large\"><img loading=\"lazy\" decoding=\"async\" width=\"1024\" height=\"683\" src=\"http:\/\/localhost:7001\/ppo\/\/app\/uploads\/2020\/10\/w-zgodzie.png\" alt=\"\" class=\"wp-image-746\" srcset=\"https:\/\/pposiechnice.pl\/autoinstalator\/wordpress\/wp-content\/uploads\/2020\/10\/w-zgodzie.png 1024w, https:\/\/pposiechnice.pl\/autoinstalator\/wordpress\/wp-content\/uploads\/2020\/10\/w-zgodzie-300x200.png 300w, https:\/\/pposiechnice.pl\/autoinstalator\/wordpress\/wp-content\/uploads\/2020\/10\/w-zgodzie-768x512.png 768w\" sizes=\"auto, (max-width: 1024px) 100vw, 1024px\" \/><\/figure>\n<\/div>\n<\/div>\n\n\n\n<div style=\"height:100px\" aria-hidden=\"true\" class=\"wp-block-spacer\"><\/div>\n\n\n\n<div class=\"wp-block-columns is-layout-flex wp-container-core-columns-is-layout-9d6595d7 wp-block-columns-is-layout-flex\">\n<div class=\"wp-block-column is-layout-flow wp-block-column-is-layout-flow\">\n<figure class=\"wp-block-image size-large\"><img loading=\"lazy\" decoding=\"async\" width=\"730\" height=\"319\" src=\"http:\/\/localhost:7001\/ppo\/\/app\/uploads\/2020\/10\/extra-tlo-edited.png\" alt=\"\" class=\"wp-image-718\" srcset=\"https:\/\/pposiechnice.pl\/autoinstalator\/wordpress\/wp-content\/uploads\/2020\/10\/extra-tlo-edited.png 730w, https:\/\/pposiechnice.pl\/autoinstalator\/wordpress\/wp-content\/uploads\/2020\/10\/extra-tlo-edited-300x131.png 300w\" sizes=\"auto, (max-width: 730px) 100vw, 730px\" \/><\/figure>\n<\/div>\n\n\n\n<div class=\"wp-block-column is-layout-flow wp-block-column-is-layout-flow\">\n<h3 class=\"mb-3 wp-block-heading\"><strong>Naturalna ochrona<\/strong><\/h3>\n\n\n\n<p>Dbaj\u0105c o bezpiecze\u0144stwo \u015brodowiska oraz naszych upraw do walki ze szkodnikami i chorobami ro\u015blin stosujemy naturalne i bezpieczne rozwi\u0105zania biologiczne. Owady szkodliwe i choroby mog\u0105 doprowadzi\u0107 do strat w plonach, obni\u017cenia jako\u015bci lub wr\u0119cz mog\u0105 uniemo\u017cliwi\u0107 upraw\u0119. Aby temu zapobiega\u0107 nasi specjali\u015bci z najwy\u017csza staranno\u015bci\u0105 dobieraj\u0105 i stosuj\u0105 naturalnych wrog\u00f3w szkodnik\u00f3w, co pozwala w zgodny z natur\u0105 spos\u00f3b ograniczy\u0107 liczebno\u015b\u0107 szkodnik\u00f3w i zminimalizowa\u0107 lub wyeliminowa\u0107 ilo\u015b\u0107 chemicznych \u015brodk\u00f3w ochrony ro\u015blin. &nbsp;Bezpiecze\u0144stwo jest dla nas zawsze priorytetem.<\/p>\n<\/div>\n<\/div>\n","protected":false},"excerpt":{"rendered":"<p>Trzmiel &#8211; Bombus terrestris Trzmiel- a w zasadzie Bombus terrestris &#8211;&#8230;<\/p>\n","protected":false},"author":7,"featured_media":0,"parent":0,"menu_order":0,"comment_status":"closed","ping_status":"closed","template":"","meta":{"_acf_changed":false,"inline_featured_image":false,"footnotes":""},"class_list":["post-22","page","type-page","status-publish","hentry"],"acf":[],"yoast_head":"<!-- This site is optimized with the Yoast SEO plugin v27.6 - https:\/\/yoast.com\/product\/yoast-seo-wordpress\/ -->\n<title>W zgodzie z natur\u0105 - PPO Siechnice<\/title>\n<meta name=\"robots\" content=\"index, follow, max-snippet:-1, max-image-preview:large, max-video-preview:-1\" \/>\n<link rel=\"canonical\" href=\"https:\/\/pposiechnice.pl\/?page_id=22\" \/>\n<meta property=\"og:locale\" content=\"pl_PL\" \/>\n<meta property=\"og:type\" content=\"article\" \/>\n<meta property=\"og:title\" content=\"W zgodzie z natur\u0105 - PPO Siechnice\" \/>\n<meta property=\"og:description\" content=\"Trzmiel &#8211; Bombus terrestris Trzmiel- a w zasadzie Bombus terrestris &#8211;...\" \/>\n<meta property=\"og:url\" content=\"https:\/\/pposiechnice.pl\/?page_id=22\" \/>\n<meta property=\"og:site_name\" content=\"PPO Siechnice\" \/>\n<meta property=\"article:modified_time\" content=\"2021-02-19T08:15:31+00:00\" \/>\n<meta property=\"og:image\" content=\"http:\/\/localhost:7001\/ppo\/\/app\/uploads\/2020\/10\/w-zgodzie.png\" \/>\n<meta name=\"twitter:card\" content=\"summary_large_image\" \/>\n<meta name=\"twitter:label1\" content=\"Szacowany czas czytania\" \/>\n\t<meta name=\"twitter:data1\" content=\"2 minuty\" \/>\n<script type=\"application\/ld+json\" class=\"yoast-schema-graph\">{\"@context\":\"https:\\\/\\\/schema.org\",\"@graph\":[{\"@type\":\"WebPage\",\"@id\":\"https:\\\/\\\/pposiechnice.pl\\\/?page_id=22\",\"url\":\"https:\\\/\\\/pposiechnice.pl\\\/?page_id=22\",\"name\":\"W zgodzie z natur\u0105 - PPO Siechnice\",\"isPartOf\":{\"@id\":\"https:\\\/\\\/pposiechnice.pl\\\/#website\"},\"primaryImageOfPage\":{\"@id\":\"https:\\\/\\\/pposiechnice.pl\\\/?page_id=22#primaryimage\"},\"image\":{\"@id\":\"https:\\\/\\\/pposiechnice.pl\\\/?page_id=22#primaryimage\"},\"thumbnailUrl\":\"http:\\\/\\\/localhost:7001\\\/ppo\\\/\\\/app\\\/uploads\\\/2020\\\/10\\\/w-zgodzie.png\",\"datePublished\":\"2020-04-01T12:51:29+00:00\",\"dateModified\":\"2021-02-19T08:15:31+00:00\",\"breadcrumb\":{\"@id\":\"https:\\\/\\\/pposiechnice.pl\\\/?page_id=22#breadcrumb\"},\"inLanguage\":\"pl-PL\",\"potentialAction\":[{\"@type\":\"ReadAction\",\"target\":[\"https:\\\/\\\/pposiechnice.pl\\\/?page_id=22\"]}]},{\"@type\":\"ImageObject\",\"inLanguage\":\"pl-PL\",\"@id\":\"https:\\\/\\\/pposiechnice.pl\\\/?page_id=22#primaryimage\",\"url\":\"http:\\\/\\\/localhost:7001\\\/ppo\\\/\\\/app\\\/uploads\\\/2020\\\/10\\\/w-zgodzie.png\",\"contentUrl\":\"http:\\\/\\\/localhost:7001\\\/ppo\\\/\\\/app\\\/uploads\\\/2020\\\/10\\\/w-zgodzie.png\"},{\"@type\":\"BreadcrumbList\",\"@id\":\"https:\\\/\\\/pposiechnice.pl\\\/?page_id=22#breadcrumb\",\"itemListElement\":[{\"@type\":\"ListItem\",\"position\":1,\"name\":\"Strona g\u0142\u00f3wna\",\"item\":\"https:\\\/\\\/pposiechnice.pl\\\/\"},{\"@type\":\"ListItem\",\"position\":2,\"name\":\"W zgodzie z natur\u0105\"}]},{\"@type\":\"WebSite\",\"@id\":\"https:\\\/\\\/pposiechnice.pl\\\/#website\",\"url\":\"https:\\\/\\\/pposiechnice.pl\\\/\",\"name\":\"PPO Siechnice\",\"description\":\"\",\"publisher\":{\"@id\":\"https:\\\/\\\/pposiechnice.pl\\\/#organization\"},\"potentialAction\":[{\"@type\":\"SearchAction\",\"target\":{\"@type\":\"EntryPoint\",\"urlTemplate\":\"https:\\\/\\\/pposiechnice.pl\\\/?s={search_term_string}\"},\"query-input\":{\"@type\":\"PropertyValueSpecification\",\"valueRequired\":true,\"valueName\":\"search_term_string\"}}],\"inLanguage\":\"pl-PL\"},{\"@type\":\"Organization\",\"@id\":\"https:\\\/\\\/pposiechnice.pl\\\/#organization\",\"name\":\"PPO Siechnice\",\"url\":\"https:\\\/\\\/pposiechnice.pl\\\/\",\"logo\":{\"@type\":\"ImageObject\",\"inLanguage\":\"pl-PL\",\"@id\":\"https:\\\/\\\/pposiechnice.pl\\\/#\\\/schema\\\/logo\\\/image\\\/\",\"url\":\"https:\\\/\\\/pposiechnice.pl\\\/autoinstalator\\\/wordpress\\\/wp-content\\\/uploads\\\/2021\\\/12\\\/logo-1.svg\",\"contentUrl\":\"https:\\\/\\\/pposiechnice.pl\\\/autoinstalator\\\/wordpress\\\/wp-content\\\/uploads\\\/2021\\\/12\\\/logo-1.svg\",\"caption\":\"PPO Siechnice\"},\"image\":{\"@id\":\"https:\\\/\\\/pposiechnice.pl\\\/#\\\/schema\\\/logo\\\/image\\\/\"}}]}<\/script>\n<!-- \/ Yoast SEO plugin. -->","yoast_head_json":{"title":"W zgodzie z natur\u0105 - PPO Siechnice","robots":{"index":"index","follow":"follow","max-snippet":"max-snippet:-1","max-image-preview":"max-image-preview:large","max-video-preview":"max-video-preview:-1"},"canonical":"https:\/\/pposiechnice.pl\/?page_id=22","og_locale":"pl_PL","og_type":"article","og_title":"W zgodzie z natur\u0105 - PPO Siechnice","og_description":"Trzmiel &#8211; Bombus terrestris Trzmiel- a w zasadzie Bombus terrestris &#8211;...","og_url":"https:\/\/pposiechnice.pl\/?page_id=22","og_site_name":"PPO Siechnice","article_modified_time":"2021-02-19T08:15:31+00:00","og_image":[{"url":"http:\/\/localhost:7001\/ppo\/\/app\/uploads\/2020\/10\/w-zgodzie.png","type":"","width":"","height":""}],"twitter_card":"summary_large_image","twitter_misc":{"Szacowany czas czytania":"2 minuty"},"schema":{"@context":"https:\/\/schema.org","@graph":[{"@type":"WebPage","@id":"https:\/\/pposiechnice.pl\/?page_id=22","url":"https:\/\/pposiechnice.pl\/?page_id=22","name":"W zgodzie z natur\u0105 - PPO Siechnice","isPartOf":{"@id":"https:\/\/pposiechnice.pl\/#website"},"primaryImageOfPage":{"@id":"https:\/\/pposiechnice.pl\/?page_id=22#primaryimage"},"image":{"@id":"https:\/\/pposiechnice.pl\/?page_id=22#primaryimage"},"thumbnailUrl":"http:\/\/localhost:7001\/ppo\/\/app\/uploads\/2020\/10\/w-zgodzie.png","datePublished":"2020-04-01T12:51:29+00:00","dateModified":"2021-02-19T08:15:31+00:00","breadcrumb":{"@id":"https:\/\/pposiechnice.pl\/?page_id=22#breadcrumb"},"inLanguage":"pl-PL","potentialAction":[{"@type":"ReadAction","target":["https:\/\/pposiechnice.pl\/?page_id=22"]}]},{"@type":"ImageObject","inLanguage":"pl-PL","@id":"https:\/\/pposiechnice.pl\/?page_id=22#primaryimage","url":"http:\/\/localhost:7001\/ppo\/\/app\/uploads\/2020\/10\/w-zgodzie.png","contentUrl":"http:\/\/localhost:7001\/ppo\/\/app\/uploads\/2020\/10\/w-zgodzie.png"},{"@type":"BreadcrumbList","@id":"https:\/\/pposiechnice.pl\/?page_id=22#breadcrumb","itemListElement":[{"@type":"ListItem","position":1,"name":"Strona g\u0142\u00f3wna","item":"https:\/\/pposiechnice.pl\/"},{"@type":"ListItem","position":2,"name":"W zgodzie z natur\u0105"}]},{"@type":"WebSite","@id":"https:\/\/pposiechnice.pl\/#website","url":"https:\/\/pposiechnice.pl\/","name":"PPO Siechnice","description":"","publisher":{"@id":"https:\/\/pposiechnice.pl\/#organization"},"potentialAction":[{"@type":"SearchAction","target":{"@type":"EntryPoint","urlTemplate":"https:\/\/pposiechnice.pl\/?s={search_term_string}"},"query-input":{"@type":"PropertyValueSpecification","valueRequired":true,"valueName":"search_term_string"}}],"inLanguage":"pl-PL"},{"@type":"Organization","@id":"https:\/\/pposiechnice.pl\/#organization","name":"PPO Siechnice","url":"https:\/\/pposiechnice.pl\/","logo":{"@type":"ImageObject","inLanguage":"pl-PL","@id":"https:\/\/pposiechnice.pl\/#\/schema\/logo\/image\/","url":"https:\/\/pposiechnice.pl\/autoinstalator\/wordpress\/wp-content\/uploads\/2021\/12\/logo-1.svg","contentUrl":"https:\/\/pposiechnice.pl\/autoinstalator\/wordpress\/wp-content\/uploads\/2021\/12\/logo-1.svg","caption":"PPO Siechnice"},"image":{"@id":"https:\/\/pposiechnice.pl\/#\/schema\/logo\/image\/"}}]}},"_links":{"self":[{"href":"https:\/\/pposiechnice.pl\/index.php?rest_route=\/wp\/v2\/pages\/22","targetHints":{"allow":["GET"]}}],"collection":[{"href":"https:\/\/pposiechnice.pl\/index.php?rest_route=\/wp\/v2\/pages"}],"about":[{"href":"https:\/\/pposiechnice.pl\/index.php?rest_route=\/wp\/v2\/types\/page"}],"author":[{"embeddable":true,"href":"https:\/\/pposiechnice.pl\/index.php?rest_route=\/wp\/v2\/users\/7"}],"replies":[{"embeddable":true,"href":"https:\/\/pposiechnice.pl\/index.php?rest_route=%2Fwp%2Fv2%2Fcomments&post=22"}],"version-history":[{"count":21,"href":"https:\/\/pposiechnice.pl\/index.php?rest_route=\/wp\/v2\/pages\/22\/revisions"}],"predecessor-version":[{"id":1188,"href":"https:\/\/pposiechnice.pl\/index.php?rest_route=\/wp\/v2\/pages\/22\/revisions\/1188"}],"wp:attachment":[{"href":"https:\/\/pposiechnice.pl\/index.php?rest_route=%2Fwp%2Fv2%2Fmedia&parent=22"}],"curies":[{"name":"wp","href":"https:\/\/api.w.org\/{rel}","templated":true}]}}