{"id":3,"date":"2020-04-01T13:02:52","date_gmt":"2020-04-01T11:02:52","guid":{"rendered":"http:\/\/localhost:7001\/ppo\/?page_id=3"},"modified":"2023-06-23T14:11:20","modified_gmt":"2023-06-23T12:11:20","slug":"polityka-prywatnosci","status":"publish","type":"page","link":"https:\/\/pposiechnice.pl\/?page_id=3","title":{"rendered":"Informacje RODO"},"content":{"rendered":"\n<p><strong>Obowi\u0105zek informacyjny na&nbsp;podstawie artyku\u0142u 13 RODO<\/strong><\/p>\n\n\n\n<p>Administratorem danych osobowych odpowiadaj\u0105cym za&nbsp;przetwarzanie Pa\u0144stwa danych osobowych jest Przedsi\u0119biorstwo Produkcji Ogrodniczej \u201eSiechnice\u201d Sp. z o.o., ul. Opolska 30, 55-011 Siechnice.<\/p>\n\n\n\n<p>Administrator przetwarza niezb\u0119dne dane w&nbsp;celu sprzeda\u017cy towar\u00f3w, realizacji um\u00f3w oraz w&nbsp;zwi\u0105zku z&nbsp;ci\u0105\u017c\u0105cymi na&nbsp;Administratorze obowi\u0105zkami wynikaj\u0105cymi z&nbsp;przepis\u00f3w prawa, jak&nbsp;ustawa o&nbsp;VAT, Kodeks Cywilny, Kodeks Pracy. Ponadto za&nbsp;Pa\u0144stwa zgod\u0105 przetwarzane s\u0105&nbsp;dane kontaktowe oraz wizerunek w&nbsp;celach marketingowych. Administrator przetwarza r\u00f3wnie\u017c wizerunek os\u00f3b zarejestrowany w&nbsp;ramach monitoringu wizyjnego obejmuj\u0105cego siedzib\u0119 firmy.<\/p>\n\n\n\n<p>Administrator przetwarza dane zgodnie z&nbsp;art. 6 ust. 1 RODO lit. a), tj. na&nbsp;podstawie zgody osoby, lit. b) tj. w&nbsp;celu niezb\u0119dnym do&nbsp;realizacji umowy, lit. c) tj. w&nbsp;celach wype\u0142niania obowi\u0105zk\u00f3w prawnych oraz lit. f) tj. prawnie uzasadnionego interesu realizowanego przez Administratora Danych, gdzie przetwarzanie dotyczy zapisu monitoringu w&nbsp;celu zapewnienia bezpiecze\u0144stwa fizycznego pracownik\u00f3w, klient\u00f3w, kontrahent\u00f3w oraz w\u0142asno\u015bci materialnej Administratora.<\/p>\n\n\n\n<p>Przetwarzane dane s\u0105&nbsp;odpowiednio zabezpieczone, a&nbsp;dost\u0119p do&nbsp;nich maj\u0105 wy\u0142\u0105cznie osoby do&nbsp;tego upowa\u017cnione. Dane nie s\u0105&nbsp;wykorzystywane do&nbsp;\u017cadnych innych cel\u00f3w ni\u017c cele, do&nbsp;kt\u00f3rych zosta\u0142y zebrane, mog\u0105 by\u0107 udost\u0119pniane na&nbsp;wniosek podmiot\u00f3w upowa\u017cnionych przepisami prawa do&nbsp;pozyskania tych danych. Dane udost\u0119pniane s\u0105&nbsp;r\u00f3wnie\u017c w&nbsp;koniecznym dla rodzaju wsp\u00f3\u0142pracy zakresie podmiotom z&nbsp;kt\u00f3rymi wsp\u00f3\u0142pracujemy jak&nbsp;serwis IT, dostawcy us\u0142ug internetowych (hosting i&nbsp;aplikacje online), podmiot zapewniaj\u0105cy obs\u0142ug\u0119 kadrowo-ksi\u0119gow\u0105, prawn\u0105.<\/p>\n\n\n\n<p>Dane s\u0105&nbsp;przetwarzane nie d\u0142u\u017cej ni\u017c przez okres czasu niezb\u0119dny do&nbsp;realizacji powy\u017cszych cel\u00f3w lub okres ten jest wyra\u017anie okre\u015blony przepisami prawa.<\/p>\n\n\n\n<p>Dane nie podlegaj\u0105 automatycznemu profilowaniu.<\/p>\n\n\n\n<p>Maj\u0105 Pa\u0144stwo prawo wgl\u0105du do&nbsp;danych, \u017c\u0105dania sprostowania, usuni\u0119cia lub ograniczenia przetwarzania danych, a&nbsp;tak\u017ce prawo do&nbsp;przenoszenia danych. W&nbsp;przypadku danych przetwarzanych za&nbsp;zgod\u0105 maj\u0105 Pa\u0144stwo prawo do&nbsp;cofni\u0119cia tej zgody w&nbsp;dowolnym momencie. Cofni\u0119cie zgody nie ma wp\u0142ywu na&nbsp;zgodno\u015b\u0107 z&nbsp;prawem przetwarzania, kt\u00f3rego dokonano na&nbsp;podstawie zgody przed jej cofni\u0119ciem.<\/p>\n\n\n\n<p>Zgodnie z&nbsp;Art. 21 RODO maj\u0105 Pa\u0144stwo prawo do&nbsp;wniesienia sprzeciwu wobec przetwarzania, w&nbsp;szczeg\u00f3lno\u015bci przetwarzania danych w&nbsp;celu marketingu bezpo\u015bredniego.<\/p>\n\n\n\n<p>Maj\u0105 Pa\u0144stwo prawo do&nbsp;wniesienia skargi na&nbsp;przetwarzanie niezgodne z&nbsp;prawem do&nbsp;organu nadzorczego jakim jest Prezes Urz\u0119du Ochrony Danych Osobowych.<\/p>\n\n\n\n<p><strong>Informacja dotyczy siedziby firmy:<\/strong><\/p>\n\n\n\n<p>Przedsi\u0119biorstwo Produkcji Ogrodniczej \u201eSiechnice\u201d Sp. z o.o., ul. Opolska 30, 55-011 Siechnice.<\/p>\n\n\n\n<ul class=\"wp-block-list\">\n<li><a href=\"https:\/\/pposiechnice.pl\/autoinstalator\/wordpress\/wp-content\/uploads\/2023\/06\/Klauzula-_-dla-osoby-ubiegajacej-sie-o-zatrudnienie.pdf\">Klauzula dla osoby ubiegaj\u0105cej si\u0119 o zatrudnienie<\/a><\/li>\n\n\n\n<li><a href=\"https:\/\/pposiechnice.pl\/autoinstalator\/wordpress\/wp-content\/uploads\/2023\/06\/Klauzula-informacyjna-dla-osob-kontaktowych.pdf\" target=\"_blank\" rel=\"noreferrer noopener\">Klauzula informacyjna dla os\u00f3b kontaktowych<\/a><\/li>\n\n\n\n<li><a href=\"https:\/\/pposiechnice.pl\/autoinstalator\/wordpress\/wp-content\/uploads\/2023\/06\/Klauzula-informacyjna-dla-prowadzacego-jednoosobowa-dzialalnosc-gospodarcza.pdf\" target=\"_blank\" rel=\"noreferrer noopener\">Klauzula informacyjna dla prowadz\u0105cego jednoosobow\u0105 dzia\u0142alno\u015b\u0107 gospodarcz\u0105<\/a><\/li>\n\n\n\n<li><a href=\"https:\/\/pposiechnice.pl\/autoinstalator\/wordpress\/wp-content\/uploads\/2023\/06\/Klauzula-informacyjna-monitoring-CCTV-w-PPO.pdf\" target=\"_blank\" rel=\"noreferrer noopener\">Klauzula informacyjna &#8211; monitoring CCTV w PPO<\/a><\/li>\n\n\n\n<li><a href=\"https:\/\/pposiechnice.pl\/autoinstalator\/wordpress\/wp-content\/uploads\/2023\/06\/Klauzula_dla-osoby-ubiegajacej-sie-o-zatrudnienie-poza-procesem-rekrutacji.pdf\" target=\"_blank\" rel=\"noreferrer noopener\">Klauzula dla osoby ubiegaj\u0105cej si\u0119 o zatrudnienie poza procesem rekrutacji<\/a><\/li>\n\n\n\n<li><a href=\"https:\/\/pposiechnice.pl\/autoinstalator\/wordpress\/wp-content\/uploads\/2023\/06\/PPO_S_KW_Klauzula-informacyjna-dla-przedstawiciela-podmiotu-prawnego-z-ktorym-zawarto-umowe.pdf\" target=\"_blank\" rel=\"noreferrer noopener\">Klauzula informacyjna dla przedstawiciela podmiotu prawnego z kt\u00f3rym zawartoumow\u0119<\/a><\/li>\n<\/ul>\n","protected":false},"excerpt":{"rendered":"<p>Obowi\u0105zek informacyjny na&nbsp;podstawie artyku\u0142u 13 RODO Administratorem danych osobowych odpowiadaj\u0105cym za&nbsp;przetwarzanie&#8230;<\/p>\n","protected":false},"author":7,"featured_media":0,"parent":0,"menu_order":0,"comment_status":"closed","ping_status":"closed","template":"","meta":{"_acf_changed":false,"inline_featured_image":false,"footnotes":""},"class_list":["post-3","page","type-page","status-publish","hentry"],"acf":[],"yoast_head":"<!-- This site is optimized with the Yoast SEO plugin v27.6 - https:\/\/yoast.com\/product\/yoast-seo-wordpress\/ -->\n<title>Informacje RODO - PPO Siechnice<\/title>\n<meta name=\"robots\" content=\"index, follow, max-snippet:-1, max-image-preview:large, max-video-preview:-1\" \/>\n<link rel=\"canonical\" href=\"https:\/\/pposiechnice.pl\/?page_id=3\" \/>\n<meta property=\"og:locale\" content=\"pl_PL\" \/>\n<meta property=\"og:type\" content=\"article\" \/>\n<meta property=\"og:title\" content=\"Informacje RODO - PPO Siechnice\" \/>\n<meta property=\"og:description\" content=\"Obowi\u0105zek informacyjny na&nbsp;podstawie artyku\u0142u 13 RODO Administratorem danych osobowych odpowiadaj\u0105cym za&nbsp;przetwarzanie...\" \/>\n<meta property=\"og:url\" content=\"https:\/\/pposiechnice.pl\/?page_id=3\" \/>\n<meta property=\"og:site_name\" content=\"PPO Siechnice\" \/>\n<meta property=\"article:modified_time\" content=\"2023-06-23T12:11:20+00:00\" \/>\n<meta name=\"twitter:card\" content=\"summary_large_image\" \/>\n<meta name=\"twitter:label1\" content=\"Szacowany czas czytania\" \/>\n\t<meta name=\"twitter:data1\" content=\"3 minuty\" \/>\n<script type=\"application\/ld+json\" class=\"yoast-schema-graph\">{\"@context\":\"https:\\\/\\\/schema.org\",\"@graph\":[{\"@type\":\"WebPage\",\"@id\":\"https:\\\/\\\/pposiechnice.pl\\\/?page_id=3\",\"url\":\"https:\\\/\\\/pposiechnice.pl\\\/?page_id=3\",\"name\":\"Informacje RODO - PPO Siechnice\",\"isPartOf\":{\"@id\":\"https:\\\/\\\/pposiechnice.pl\\\/#website\"},\"datePublished\":\"2020-04-01T11:02:52+00:00\",\"dateModified\":\"2023-06-23T12:11:20+00:00\",\"breadcrumb\":{\"@id\":\"https:\\\/\\\/pposiechnice.pl\\\/?page_id=3#breadcrumb\"},\"inLanguage\":\"pl-PL\",\"potentialAction\":[{\"@type\":\"ReadAction\",\"target\":[\"https:\\\/\\\/pposiechnice.pl\\\/?page_id=3\"]}]},{\"@type\":\"BreadcrumbList\",\"@id\":\"https:\\\/\\\/pposiechnice.pl\\\/?page_id=3#breadcrumb\",\"itemListElement\":[{\"@type\":\"ListItem\",\"position\":1,\"name\":\"Strona g\u0142\u00f3wna\",\"item\":\"https:\\\/\\\/pposiechnice.pl\\\/\"},{\"@type\":\"ListItem\",\"position\":2,\"name\":\"Informacje RODO\"}]},{\"@type\":\"WebSite\",\"@id\":\"https:\\\/\\\/pposiechnice.pl\\\/#website\",\"url\":\"https:\\\/\\\/pposiechnice.pl\\\/\",\"name\":\"PPO Siechnice\",\"description\":\"\",\"publisher\":{\"@id\":\"https:\\\/\\\/pposiechnice.pl\\\/#organization\"},\"potentialAction\":[{\"@type\":\"SearchAction\",\"target\":{\"@type\":\"EntryPoint\",\"urlTemplate\":\"https:\\\/\\\/pposiechnice.pl\\\/?s={search_term_string}\"},\"query-input\":{\"@type\":\"PropertyValueSpecification\",\"valueRequired\":true,\"valueName\":\"search_term_string\"}}],\"inLanguage\":\"pl-PL\"},{\"@type\":\"Organization\",\"@id\":\"https:\\\/\\\/pposiechnice.pl\\\/#organization\",\"name\":\"PPO Siechnice\",\"url\":\"https:\\\/\\\/pposiechnice.pl\\\/\",\"logo\":{\"@type\":\"ImageObject\",\"inLanguage\":\"pl-PL\",\"@id\":\"https:\\\/\\\/pposiechnice.pl\\\/#\\\/schema\\\/logo\\\/image\\\/\",\"url\":\"https:\\\/\\\/pposiechnice.pl\\\/autoinstalator\\\/wordpress\\\/wp-content\\\/uploads\\\/2021\\\/12\\\/logo-1.svg\",\"contentUrl\":\"https:\\\/\\\/pposiechnice.pl\\\/autoinstalator\\\/wordpress\\\/wp-content\\\/uploads\\\/2021\\\/12\\\/logo-1.svg\",\"caption\":\"PPO Siechnice\"},\"image\":{\"@id\":\"https:\\\/\\\/pposiechnice.pl\\\/#\\\/schema\\\/logo\\\/image\\\/\"}}]}<\/script>\n<!-- \/ Yoast SEO plugin. -->","yoast_head_json":{"title":"Informacje RODO - PPO Siechnice","robots":{"index":"index","follow":"follow","max-snippet":"max-snippet:-1","max-image-preview":"max-image-preview:large","max-video-preview":"max-video-preview:-1"},"canonical":"https:\/\/pposiechnice.pl\/?page_id=3","og_locale":"pl_PL","og_type":"article","og_title":"Informacje RODO - PPO Siechnice","og_description":"Obowi\u0105zek informacyjny na&nbsp;podstawie artyku\u0142u 13 RODO Administratorem danych osobowych odpowiadaj\u0105cym za&nbsp;przetwarzanie...","og_url":"https:\/\/pposiechnice.pl\/?page_id=3","og_site_name":"PPO Siechnice","article_modified_time":"2023-06-23T12:11:20+00:00","twitter_card":"summary_large_image","twitter_misc":{"Szacowany czas czytania":"3 minuty"},"schema":{"@context":"https:\/\/schema.org","@graph":[{"@type":"WebPage","@id":"https:\/\/pposiechnice.pl\/?page_id=3","url":"https:\/\/pposiechnice.pl\/?page_id=3","name":"Informacje RODO - PPO Siechnice","isPartOf":{"@id":"https:\/\/pposiechnice.pl\/#website"},"datePublished":"2020-04-01T11:02:52+00:00","dateModified":"2023-06-23T12:11:20+00:00","breadcrumb":{"@id":"https:\/\/pposiechnice.pl\/?page_id=3#breadcrumb"},"inLanguage":"pl-PL","potentialAction":[{"@type":"ReadAction","target":["https:\/\/pposiechnice.pl\/?page_id=3"]}]},{"@type":"BreadcrumbList","@id":"https:\/\/pposiechnice.pl\/?page_id=3#breadcrumb","itemListElement":[{"@type":"ListItem","position":1,"name":"Strona g\u0142\u00f3wna","item":"https:\/\/pposiechnice.pl\/"},{"@type":"ListItem","position":2,"name":"Informacje RODO"}]},{"@type":"WebSite","@id":"https:\/\/pposiechnice.pl\/#website","url":"https:\/\/pposiechnice.pl\/","name":"PPO Siechnice","description":"","publisher":{"@id":"https:\/\/pposiechnice.pl\/#organization"},"potentialAction":[{"@type":"SearchAction","target":{"@type":"EntryPoint","urlTemplate":"https:\/\/pposiechnice.pl\/?s={search_term_string}"},"query-input":{"@type":"PropertyValueSpecification","valueRequired":true,"valueName":"search_term_string"}}],"inLanguage":"pl-PL"},{"@type":"Organization","@id":"https:\/\/pposiechnice.pl\/#organization","name":"PPO Siechnice","url":"https:\/\/pposiechnice.pl\/","logo":{"@type":"ImageObject","inLanguage":"pl-PL","@id":"https:\/\/pposiechnice.pl\/#\/schema\/logo\/image\/","url":"https:\/\/pposiechnice.pl\/autoinstalator\/wordpress\/wp-content\/uploads\/2021\/12\/logo-1.svg","contentUrl":"https:\/\/pposiechnice.pl\/autoinstalator\/wordpress\/wp-content\/uploads\/2021\/12\/logo-1.svg","caption":"PPO Siechnice"},"image":{"@id":"https:\/\/pposiechnice.pl\/#\/schema\/logo\/image\/"}}]}},"_links":{"self":[{"href":"https:\/\/pposiechnice.pl\/index.php?rest_route=\/wp\/v2\/pages\/3","targetHints":{"allow":["GET"]}}],"collection":[{"href":"https:\/\/pposiechnice.pl\/index.php?rest_route=\/wp\/v2\/pages"}],"about":[{"href":"https:\/\/pposiechnice.pl\/index.php?rest_route=\/wp\/v2\/types\/page"}],"author":[{"embeddable":true,"href":"https:\/\/pposiechnice.pl\/index.php?rest_route=\/wp\/v2\/users\/7"}],"replies":[{"embeddable":true,"href":"https:\/\/pposiechnice.pl\/index.php?rest_route=%2Fwp%2Fv2%2Fcomments&post=3"}],"version-history":[{"count":12,"href":"https:\/\/pposiechnice.pl\/index.php?rest_route=\/wp\/v2\/pages\/3\/revisions"}],"predecessor-version":[{"id":1365,"href":"https:\/\/pposiechnice.pl\/index.php?rest_route=\/wp\/v2\/pages\/3\/revisions\/1365"}],"wp:attachment":[{"href":"https:\/\/pposiechnice.pl\/index.php?rest_route=%2Fwp%2Fv2%2Fmedia&parent=3"}],"curies":[{"name":"wp","href":"https:\/\/api.w.org\/{rel}","templated":true}]}}