{"id":659,"date":"2020-09-18T12:24:57","date_gmt":"2020-09-18T10:24:57","guid":{"rendered":"http:\/\/localhost:7001\/ppo\/?page_id=659"},"modified":"2020-10-01T20:29:38","modified_gmt":"2020-10-01T18:29:38","slug":"csr","status":"publish","type":"page","link":"https:\/\/pposiechnice.pl\/?page_id=659","title":{"rendered":"CSR"},"content":{"rendered":"\n<p>Przysz\u0142o\u015b\u0107 zaczyna si\u0119 dzi\u015b dlatego z zaanga\u017cowaniem i wielk\u0105 satysfakcj\u0105 pomagamy kszta\u0142ci\u0107 m\u0142odzie\u017c i student\u00f3w. \u015aci\u015ble wsp\u00f3\u0142pracujemy z Uniwersytetem Przyrodniczym we Wroc\u0142awiu stwarzaj\u0105c mo\u017cliwo\u015b\u0107 przeprowadzenia lekcji pokazowych, &nbsp;odbycia praktyk czy sta\u017cy. Jeste\u015bmy tak\u017ce patronem klasy o kierunku Technik Rolnik w Centrum Kszta\u0142cenia Zawodowego i Ustawicznego w Ludowie Polskim, gdzie prezentowali\u015bmy nasz\u0105 firm\u0119 na Dniach Otwartych. Na lekcjach pokazowych go\u015bcili\u015bmy nawet uroczych przedszkolak\u00f3w i zaciekawionych uczni\u00f3w szk\u00f3\u0142 podstawowych.<\/p>\n\n\n\n<p>Stawiamy tak\u017ce na dobr\u0105, wsp\u00f3ln\u0105 zabaw\u0119 dlatego w 2019 roku wsparli\u015bmy finansowo Do\u017cynki Gminne w Siechnicach. &nbsp;<\/p>\n\n\n\n<div style=\"height:50px\" aria-hidden=\"true\" class=\"wp-block-spacer\"><\/div>\n\n\n\n<figure class=\"wp-block-gallery columns-2 is-cropped wp-block-gallery-1 is-layout-flex wp-block-gallery-is-layout-flex\"><ul class=\"blocks-gallery-grid\"><li class=\"blocks-gallery-item\"><figure><img loading=\"lazy\" decoding=\"async\" width=\"1024\" height=\"768\" src=\"http:\/\/localhost:7001\/ppo\/\/app\/uploads\/2020\/10\/Ludo\u0301w-Polski_20190522-2-1024x768.jpg\" alt=\"\" data-id=\"755\" data-full-url=\"http:\/\/localhost:7001\/ppo\/\/app\/uploads\/2020\/10\/Ludo\u0301w-Polski_20190522-2.jpg\" data-link=\"http:\/\/localhost:7001\/ppo\/csr\/ludow-polski_20190522-2\/\" class=\"wp-image-755\" srcset=\"https:\/\/pposiechnice.pl\/autoinstalator\/wordpress\/wp-content\/uploads\/2020\/10\/Ludo\u0301w-Polski_20190522-2-1024x768.jpg 1024w, https:\/\/pposiechnice.pl\/autoinstalator\/wordpress\/wp-content\/uploads\/2020\/10\/Ludo\u0301w-Polski_20190522-2-300x225.jpg 300w, https:\/\/pposiechnice.pl\/autoinstalator\/wordpress\/wp-content\/uploads\/2020\/10\/Ludo\u0301w-Polski_20190522-2-768x576.jpg 768w, https:\/\/pposiechnice.pl\/autoinstalator\/wordpress\/wp-content\/uploads\/2020\/10\/Ludo\u0301w-Polski_20190522-2-1536x1152.jpg 1536w, https:\/\/pposiechnice.pl\/autoinstalator\/wordpress\/wp-content\/uploads\/2020\/10\/Ludo\u0301w-Polski_20190522-2.jpg 1920w\" sizes=\"auto, (max-width: 1024px) 100vw, 1024px\" \/><\/figure><\/li><li class=\"blocks-gallery-item\"><figure><img loading=\"lazy\" decoding=\"async\" width=\"1024\" height=\"768\" src=\"http:\/\/localhost:7001\/ppo\/\/app\/uploads\/2020\/10\/Ludo\u0301w-Polski_20190522-3-1024x768.jpg\" alt=\"\" data-id=\"756\" data-full-url=\"http:\/\/localhost:7001\/ppo\/\/app\/uploads\/2020\/10\/Ludo\u0301w-Polski_20190522-3.jpg\" data-link=\"http:\/\/localhost:7001\/ppo\/csr\/ludow-polski_20190522-3\/\" class=\"wp-image-756\" srcset=\"https:\/\/pposiechnice.pl\/autoinstalator\/wordpress\/wp-content\/uploads\/2020\/10\/Ludo\u0301w-Polski_20190522-3-1024x768.jpg 1024w, https:\/\/pposiechnice.pl\/autoinstalator\/wordpress\/wp-content\/uploads\/2020\/10\/Ludo\u0301w-Polski_20190522-3-300x225.jpg 300w, https:\/\/pposiechnice.pl\/autoinstalator\/wordpress\/wp-content\/uploads\/2020\/10\/Ludo\u0301w-Polski_20190522-3-768x576.jpg 768w, https:\/\/pposiechnice.pl\/autoinstalator\/wordpress\/wp-content\/uploads\/2020\/10\/Ludo\u0301w-Polski_20190522-3-1536x1152.jpg 1536w, https:\/\/pposiechnice.pl\/autoinstalator\/wordpress\/wp-content\/uploads\/2020\/10\/Ludo\u0301w-Polski_20190522-3.jpg 1920w\" sizes=\"auto, (max-width: 1024px) 100vw, 1024px\" \/><\/figure><\/li><li class=\"blocks-gallery-item\"><figure><img loading=\"lazy\" decoding=\"async\" width=\"1024\" height=\"768\" src=\"http:\/\/localhost:7001\/ppo\/\/app\/uploads\/2020\/10\/Ludo\u0301w-Polski_20190522-4-1024x768.jpg\" alt=\"\" data-id=\"757\" data-full-url=\"http:\/\/localhost:7001\/ppo\/\/app\/uploads\/2020\/10\/Ludo\u0301w-Polski_20190522-4.jpg\" data-link=\"http:\/\/localhost:7001\/ppo\/csr\/ludow-polski_20190522-4\/\" class=\"wp-image-757\" srcset=\"https:\/\/pposiechnice.pl\/autoinstalator\/wordpress\/wp-content\/uploads\/2020\/10\/Ludo\u0301w-Polski_20190522-4-1024x768.jpg 1024w, https:\/\/pposiechnice.pl\/autoinstalator\/wordpress\/wp-content\/uploads\/2020\/10\/Ludo\u0301w-Polski_20190522-4-300x225.jpg 300w, https:\/\/pposiechnice.pl\/autoinstalator\/wordpress\/wp-content\/uploads\/2020\/10\/Ludo\u0301w-Polski_20190522-4-768x576.jpg 768w, https:\/\/pposiechnice.pl\/autoinstalator\/wordpress\/wp-content\/uploads\/2020\/10\/Ludo\u0301w-Polski_20190522-4-1536x1152.jpg 1536w, https:\/\/pposiechnice.pl\/autoinstalator\/wordpress\/wp-content\/uploads\/2020\/10\/Ludo\u0301w-Polski_20190522-4.jpg 1920w\" sizes=\"auto, (max-width: 1024px) 100vw, 1024px\" \/><\/figure><\/li><li class=\"blocks-gallery-item\"><figure><img loading=\"lazy\" decoding=\"async\" width=\"1024\" height=\"768\" src=\"http:\/\/localhost:7001\/ppo\/\/app\/uploads\/2020\/10\/Ludo\u0301w-Polski_20190522-1024x768.jpg\" alt=\"\" data-id=\"758\" data-full-url=\"http:\/\/localhost:7001\/ppo\/\/app\/uploads\/2020\/10\/Ludo\u0301w-Polski_20190522.jpg\" data-link=\"http:\/\/localhost:7001\/ppo\/csr\/ludow-polski_20190522\/\" class=\"wp-image-758\" srcset=\"https:\/\/pposiechnice.pl\/autoinstalator\/wordpress\/wp-content\/uploads\/2020\/10\/Ludo\u0301w-Polski_20190522-1024x768.jpg 1024w, https:\/\/pposiechnice.pl\/autoinstalator\/wordpress\/wp-content\/uploads\/2020\/10\/Ludo\u0301w-Polski_20190522-300x225.jpg 300w, https:\/\/pposiechnice.pl\/autoinstalator\/wordpress\/wp-content\/uploads\/2020\/10\/Ludo\u0301w-Polski_20190522-768x576.jpg 768w, https:\/\/pposiechnice.pl\/autoinstalator\/wordpress\/wp-content\/uploads\/2020\/10\/Ludo\u0301w-Polski_20190522-1536x1152.jpg 1536w, https:\/\/pposiechnice.pl\/autoinstalator\/wordpress\/wp-content\/uploads\/2020\/10\/Ludo\u0301w-Polski_20190522.jpg 1920w\" sizes=\"auto, (max-width: 1024px) 100vw, 1024px\" \/><\/figure><\/li><\/ul><\/figure>\n\n\n\n<div style=\"height:50px\" aria-hidden=\"true\" class=\"wp-block-spacer\"><\/div>\n\n\n\n<h2 class=\"wp-block-heading\">Podzi\u0119kowania<\/h2>\n\n\n\n<div style=\"height:30px\" aria-hidden=\"true\" class=\"wp-block-spacer\"><\/div>\n\n\n\n<figure class=\"wp-block-gallery columns-2 is-cropped wp-block-gallery-2 is-layout-flex wp-block-gallery-is-layout-flex\"><ul class=\"blocks-gallery-grid\"><li class=\"blocks-gallery-item\"><figure><a href=\"http:\/\/localhost:7001\/ppo\/\/app\/uploads\/2020\/09\/Podziekowanie-Uniwersytecki-Szpital-Kliniczny_20200422104140-scaled.jpg\"><img loading=\"lazy\" decoding=\"async\" width=\"724\" height=\"1024\" src=\"http:\/\/localhost:7001\/ppo\/\/app\/uploads\/2020\/09\/Podziekowanie-Uniwersytecki-Szpital-Kliniczny_20200422104140-724x1024.jpg\" alt=\"\" data-id=\"662\" data-full-url=\"http:\/\/localhost:7001\/ppo\/\/app\/uploads\/2020\/09\/Podziekowanie-Uniwersytecki-Szpital-Kliniczny_20200422104140-scaled.jpg\" data-link=\"http:\/\/localhost:7001\/ppo\/?attachment_id=662\" class=\"wp-image-662\" srcset=\"https:\/\/pposiechnice.pl\/autoinstalator\/wordpress\/wp-content\/uploads\/2020\/09\/Podziekowanie-Uniwersytecki-Szpital-Kliniczny_20200422104140-724x1024.jpg 724w, https:\/\/pposiechnice.pl\/autoinstalator\/wordpress\/wp-content\/uploads\/2020\/09\/Podziekowanie-Uniwersytecki-Szpital-Kliniczny_20200422104140-212x300.jpg 212w, https:\/\/pposiechnice.pl\/autoinstalator\/wordpress\/wp-content\/uploads\/2020\/09\/Podziekowanie-Uniwersytecki-Szpital-Kliniczny_20200422104140-768x1086.jpg 768w, https:\/\/pposiechnice.pl\/autoinstalator\/wordpress\/wp-content\/uploads\/2020\/09\/Podziekowanie-Uniwersytecki-Szpital-Kliniczny_20200422104140-1086x1536.jpg 1086w, https:\/\/pposiechnice.pl\/autoinstalator\/wordpress\/wp-content\/uploads\/2020\/09\/Podziekowanie-Uniwersytecki-Szpital-Kliniczny_20200422104140-1448x2048.jpg 1448w, https:\/\/pposiechnice.pl\/autoinstalator\/wordpress\/wp-content\/uploads\/2020\/09\/Podziekowanie-Uniwersytecki-Szpital-Kliniczny_20200422104140-scaled.jpg 1811w\" sizes=\"auto, (max-width: 724px) 100vw, 724px\" \/><\/a><\/figure><\/li><li class=\"blocks-gallery-item\"><figure><a href=\"http:\/\/localhost:7001\/ppo\/\/app\/uploads\/2020\/09\/podzie\u0328kowanie-Doz\u0307ynki-scaled.jpg\"><img loading=\"lazy\" decoding=\"async\" width=\"724\" height=\"1024\" src=\"http:\/\/localhost:7001\/ppo\/\/app\/uploads\/2020\/09\/podzie\u0328kowanie-Doz\u0307ynki-724x1024.jpg\" alt=\"\" data-id=\"666\" data-full-url=\"http:\/\/localhost:7001\/ppo\/\/app\/uploads\/2020\/09\/podzie\u0328kowanie-Doz\u0307ynki-scaled.jpg\" data-link=\"http:\/\/localhost:7001\/ppo\/csr\/podzie%cc%a8kowanie-doz%cc%87ynki-2\/\" class=\"wp-image-666\" srcset=\"https:\/\/pposiechnice.pl\/autoinstalator\/wordpress\/wp-content\/uploads\/2020\/09\/podzie\u0328kowanie-Doz\u0307ynki-724x1024.jpg 724w, https:\/\/pposiechnice.pl\/autoinstalator\/wordpress\/wp-content\/uploads\/2020\/09\/podzie\u0328kowanie-Doz\u0307ynki-212x300.jpg 212w, https:\/\/pposiechnice.pl\/autoinstalator\/wordpress\/wp-content\/uploads\/2020\/09\/podzie\u0328kowanie-Doz\u0307ynki-768x1086.jpg 768w, https:\/\/pposiechnice.pl\/autoinstalator\/wordpress\/wp-content\/uploads\/2020\/09\/podzie\u0328kowanie-Doz\u0307ynki-1086x1536.jpg 1086w, https:\/\/pposiechnice.pl\/autoinstalator\/wordpress\/wp-content\/uploads\/2020\/09\/podzie\u0328kowanie-Doz\u0307ynki-1448x2048.jpg 1448w, https:\/\/pposiechnice.pl\/autoinstalator\/wordpress\/wp-content\/uploads\/2020\/09\/podzie\u0328kowanie-Doz\u0307ynki-scaled.jpg 1811w\" sizes=\"auto, (max-width: 724px) 100vw, 724px\" \/><\/a><\/figure><\/li><\/ul><\/figure>\n\n\n\n<div style=\"height:129px\" aria-hidden=\"true\" class=\"wp-block-spacer\"><\/div>\n\n\n\n<h2 class=\"wp-block-heading\">Festyn do\u017cynkowy 2019 w Siechnicach<br><\/h2>\n\n\n\n<div style=\"height:66px\" aria-hidden=\"true\" class=\"wp-block-spacer\"><\/div>\n\n\n\n<figure class=\"wp-block-gallery columns-3 is-cropped wp-block-gallery-3 is-layout-flex wp-block-gallery-is-layout-flex\"><ul class=\"blocks-gallery-grid\"><li class=\"blocks-gallery-item\"><figure><img loading=\"lazy\" decoding=\"async\" width=\"1024\" height=\"768\" src=\"http:\/\/localhost:7001\/ppo\/\/app\/uploads\/2020\/09\/IMG_20190907_124332521_HDR-1024x768.jpg\" alt=\"\" data-id=\"670\" data-full-url=\"http:\/\/localhost:7001\/ppo\/\/app\/uploads\/2020\/09\/IMG_20190907_124332521_HDR-scaled.jpg\" data-link=\"http:\/\/localhost:7001\/ppo\/csr\/img_20190907_124332521_hdr\/\" class=\"wp-image-670\" srcset=\"https:\/\/pposiechnice.pl\/autoinstalator\/wordpress\/wp-content\/uploads\/2020\/09\/IMG_20190907_124332521_HDR-1024x768.jpg 1024w, https:\/\/pposiechnice.pl\/autoinstalator\/wordpress\/wp-content\/uploads\/2020\/09\/IMG_20190907_124332521_HDR-300x225.jpg 300w, https:\/\/pposiechnice.pl\/autoinstalator\/wordpress\/wp-content\/uploads\/2020\/09\/IMG_20190907_124332521_HDR-768x576.jpg 768w, https:\/\/pposiechnice.pl\/autoinstalator\/wordpress\/wp-content\/uploads\/2020\/09\/IMG_20190907_124332521_HDR-1536x1152.jpg 1536w, https:\/\/pposiechnice.pl\/autoinstalator\/wordpress\/wp-content\/uploads\/2020\/09\/IMG_20190907_124332521_HDR-2048x1536.jpg 2048w\" sizes=\"auto, (max-width: 1024px) 100vw, 1024px\" \/><\/figure><\/li><li class=\"blocks-gallery-item\"><figure><img loading=\"lazy\" decoding=\"async\" width=\"1024\" height=\"768\" src=\"http:\/\/localhost:7001\/ppo\/\/app\/uploads\/2020\/09\/IMG_20190907_125543238-1024x768.jpg\" alt=\"\" data-id=\"671\" data-full-url=\"http:\/\/localhost:7001\/ppo\/\/app\/uploads\/2020\/09\/IMG_20190907_125543238-scaled.jpg\" data-link=\"http:\/\/localhost:7001\/ppo\/csr\/img_20190907_125543238\/\" class=\"wp-image-671\" srcset=\"https:\/\/pposiechnice.pl\/autoinstalator\/wordpress\/wp-content\/uploads\/2020\/09\/IMG_20190907_125543238-1024x768.jpg 1024w, https:\/\/pposiechnice.pl\/autoinstalator\/wordpress\/wp-content\/uploads\/2020\/09\/IMG_20190907_125543238-300x225.jpg 300w, https:\/\/pposiechnice.pl\/autoinstalator\/wordpress\/wp-content\/uploads\/2020\/09\/IMG_20190907_125543238-768x576.jpg 768w, https:\/\/pposiechnice.pl\/autoinstalator\/wordpress\/wp-content\/uploads\/2020\/09\/IMG_20190907_125543238-1536x1152.jpg 1536w, https:\/\/pposiechnice.pl\/autoinstalator\/wordpress\/wp-content\/uploads\/2020\/09\/IMG_20190907_125543238-2048x1536.jpg 2048w\" sizes=\"auto, (max-width: 1024px) 100vw, 1024px\" \/><\/figure><\/li><li class=\"blocks-gallery-item\"><figure><img loading=\"lazy\" decoding=\"async\" width=\"1024\" height=\"768\" src=\"http:\/\/localhost:7001\/ppo\/\/app\/uploads\/2020\/09\/IMG_20190907_130416650-1024x768.jpg\" alt=\"\" data-id=\"672\" data-full-url=\"http:\/\/localhost:7001\/ppo\/\/app\/uploads\/2020\/09\/IMG_20190907_130416650-scaled.jpg\" data-link=\"http:\/\/localhost:7001\/ppo\/csr\/img_20190907_130416650\/\" class=\"wp-image-672\" srcset=\"https:\/\/pposiechnice.pl\/autoinstalator\/wordpress\/wp-content\/uploads\/2020\/09\/IMG_20190907_130416650-1024x768.jpg 1024w, https:\/\/pposiechnice.pl\/autoinstalator\/wordpress\/wp-content\/uploads\/2020\/09\/IMG_20190907_130416650-300x225.jpg 300w, https:\/\/pposiechnice.pl\/autoinstalator\/wordpress\/wp-content\/uploads\/2020\/09\/IMG_20190907_130416650-768x576.jpg 768w, https:\/\/pposiechnice.pl\/autoinstalator\/wordpress\/wp-content\/uploads\/2020\/09\/IMG_20190907_130416650-1536x1152.jpg 1536w, https:\/\/pposiechnice.pl\/autoinstalator\/wordpress\/wp-content\/uploads\/2020\/09\/IMG_20190907_130416650-2048x1536.jpg 2048w\" sizes=\"auto, (max-width: 1024px) 100vw, 1024px\" \/><\/figure><\/li><li class=\"blocks-gallery-item\"><figure><img loading=\"lazy\" decoding=\"async\" width=\"1024\" height=\"768\" src=\"http:\/\/localhost:7001\/ppo\/\/app\/uploads\/2020\/09\/IMG_20190907_130454020-1024x768.jpg\" alt=\"\" data-id=\"673\" data-full-url=\"http:\/\/localhost:7001\/ppo\/\/app\/uploads\/2020\/09\/IMG_20190907_130454020-scaled.jpg\" data-link=\"http:\/\/localhost:7001\/ppo\/csr\/img_20190907_130454020\/\" class=\"wp-image-673\" srcset=\"https:\/\/pposiechnice.pl\/autoinstalator\/wordpress\/wp-content\/uploads\/2020\/09\/IMG_20190907_130454020-1024x768.jpg 1024w, https:\/\/pposiechnice.pl\/autoinstalator\/wordpress\/wp-content\/uploads\/2020\/09\/IMG_20190907_130454020-300x225.jpg 300w, https:\/\/pposiechnice.pl\/autoinstalator\/wordpress\/wp-content\/uploads\/2020\/09\/IMG_20190907_130454020-768x576.jpg 768w, https:\/\/pposiechnice.pl\/autoinstalator\/wordpress\/wp-content\/uploads\/2020\/09\/IMG_20190907_130454020-1536x1152.jpg 1536w, https:\/\/pposiechnice.pl\/autoinstalator\/wordpress\/wp-content\/uploads\/2020\/09\/IMG_20190907_130454020-2048x1536.jpg 2048w\" sizes=\"auto, (max-width: 1024px) 100vw, 1024px\" \/><\/figure><\/li><li class=\"blocks-gallery-item\"><figure><img loading=\"lazy\" decoding=\"async\" width=\"1024\" height=\"768\" src=\"http:\/\/localhost:7001\/ppo\/\/app\/uploads\/2020\/09\/IMG_20190907_133138606_HDR-1024x768.jpg\" alt=\"\" data-id=\"674\" data-full-url=\"http:\/\/localhost:7001\/ppo\/\/app\/uploads\/2020\/09\/IMG_20190907_133138606_HDR-scaled.jpg\" data-link=\"http:\/\/localhost:7001\/ppo\/csr\/img_20190907_133138606_hdr\/\" class=\"wp-image-674\" srcset=\"https:\/\/pposiechnice.pl\/autoinstalator\/wordpress\/wp-content\/uploads\/2020\/09\/IMG_20190907_133138606_HDR-1024x768.jpg 1024w, https:\/\/pposiechnice.pl\/autoinstalator\/wordpress\/wp-content\/uploads\/2020\/09\/IMG_20190907_133138606_HDR-300x225.jpg 300w, https:\/\/pposiechnice.pl\/autoinstalator\/wordpress\/wp-content\/uploads\/2020\/09\/IMG_20190907_133138606_HDR-768x576.jpg 768w, https:\/\/pposiechnice.pl\/autoinstalator\/wordpress\/wp-content\/uploads\/2020\/09\/IMG_20190907_133138606_HDR-1536x1152.jpg 1536w, https:\/\/pposiechnice.pl\/autoinstalator\/wordpress\/wp-content\/uploads\/2020\/09\/IMG_20190907_133138606_HDR-2048x1536.jpg 2048w\" sizes=\"auto, (max-width: 1024px) 100vw, 1024px\" \/><\/figure><\/li><\/ul><\/figure>\n","protected":false},"excerpt":{"rendered":"<p>Przysz\u0142o\u015b\u0107 zaczyna si\u0119 dzi\u015b dlatego z zaanga\u017cowaniem i wielk\u0105 satysfakcj\u0105 pomagamy&#8230;<\/p>\n","protected":false},"author":7,"featured_media":0,"parent":0,"menu_order":0,"comment_status":"closed","ping_status":"closed","template":"","meta":{"_acf_changed":false,"inline_featured_image":false,"footnotes":""},"class_list":["post-659","page","type-page","status-publish","hentry"],"acf":[],"yoast_head":"<!-- This site is optimized with the Yoast SEO plugin v27.4 - https:\/\/yoast.com\/product\/yoast-seo-wordpress\/ -->\n<title>CSR - PPO Siechnice<\/title>\n<meta name=\"robots\" content=\"index, follow, max-snippet:-1, max-image-preview:large, max-video-preview:-1\" \/>\n<link rel=\"canonical\" href=\"https:\/\/pposiechnice.pl\/?page_id=659\" \/>\n<meta property=\"og:locale\" content=\"pl_PL\" \/>\n<meta property=\"og:type\" content=\"article\" \/>\n<meta property=\"og:title\" content=\"CSR - PPO Siechnice\" \/>\n<meta property=\"og:description\" content=\"Przysz\u0142o\u015b\u0107 zaczyna si\u0119 dzi\u015b dlatego z zaanga\u017cowaniem i wielk\u0105 satysfakcj\u0105 pomagamy...\" \/>\n<meta property=\"og:url\" content=\"https:\/\/pposiechnice.pl\/?page_id=659\" \/>\n<meta property=\"og:site_name\" content=\"PPO Siechnice\" \/>\n<meta property=\"article:modified_time\" content=\"2020-10-01T18:29:38+00:00\" \/>\n<meta property=\"og:image\" content=\"http:\/\/localhost:7001\/ppo\/\/app\/uploads\/2020\/09\/Podziekowanie-Uniwersytecki-Szpital-Kliniczny_20200422104140-724x1024.jpg\" \/>\n<meta name=\"twitter:card\" content=\"summary_large_image\" \/>\n<meta name=\"twitter:label1\" content=\"Szacowany czas czytania\" \/>\n\t<meta name=\"twitter:data1\" content=\"1 minuta\" \/>\n<script type=\"application\/ld+json\" class=\"yoast-schema-graph\">{\"@context\":\"https:\\\/\\\/schema.org\",\"@graph\":[{\"@type\":\"WebPage\",\"@id\":\"https:\\\/\\\/pposiechnice.pl\\\/?page_id=659\",\"url\":\"https:\\\/\\\/pposiechnice.pl\\\/?page_id=659\",\"name\":\"CSR - PPO Siechnice\",\"isPartOf\":{\"@id\":\"https:\\\/\\\/pposiechnice.pl\\\/#website\"},\"primaryImageOfPage\":{\"@id\":\"https:\\\/\\\/pposiechnice.pl\\\/?page_id=659#primaryimage\"},\"image\":{\"@id\":\"https:\\\/\\\/pposiechnice.pl\\\/?page_id=659#primaryimage\"},\"thumbnailUrl\":\"http:\\\/\\\/localhost:7001\\\/ppo\\\/\\\/app\\\/uploads\\\/2020\\\/09\\\/Podziekowanie-Uniwersytecki-Szpital-Kliniczny_20200422104140-724x1024.jpg\",\"datePublished\":\"2020-09-18T10:24:57+00:00\",\"dateModified\":\"2020-10-01T18:29:38+00:00\",\"breadcrumb\":{\"@id\":\"https:\\\/\\\/pposiechnice.pl\\\/?page_id=659#breadcrumb\"},\"inLanguage\":\"pl-PL\",\"potentialAction\":[{\"@type\":\"ReadAction\",\"target\":[\"https:\\\/\\\/pposiechnice.pl\\\/?page_id=659\"]}]},{\"@type\":\"ImageObject\",\"inLanguage\":\"pl-PL\",\"@id\":\"https:\\\/\\\/pposiechnice.pl\\\/?page_id=659#primaryimage\",\"url\":\"http:\\\/\\\/localhost:7001\\\/ppo\\\/\\\/app\\\/uploads\\\/2020\\\/09\\\/Podziekowanie-Uniwersytecki-Szpital-Kliniczny_20200422104140-724x1024.jpg\",\"contentUrl\":\"http:\\\/\\\/localhost:7001\\\/ppo\\\/\\\/app\\\/uploads\\\/2020\\\/09\\\/Podziekowanie-Uniwersytecki-Szpital-Kliniczny_20200422104140-724x1024.jpg\"},{\"@type\":\"BreadcrumbList\",\"@id\":\"https:\\\/\\\/pposiechnice.pl\\\/?page_id=659#breadcrumb\",\"itemListElement\":[{\"@type\":\"ListItem\",\"position\":1,\"name\":\"Strona g\u0142\u00f3wna\",\"item\":\"https:\\\/\\\/pposiechnice.pl\\\/\"},{\"@type\":\"ListItem\",\"position\":2,\"name\":\"CSR\"}]},{\"@type\":\"WebSite\",\"@id\":\"https:\\\/\\\/pposiechnice.pl\\\/#website\",\"url\":\"https:\\\/\\\/pposiechnice.pl\\\/\",\"name\":\"PPO Siechnice\",\"description\":\"\",\"publisher\":{\"@id\":\"https:\\\/\\\/pposiechnice.pl\\\/#organization\"},\"potentialAction\":[{\"@type\":\"SearchAction\",\"target\":{\"@type\":\"EntryPoint\",\"urlTemplate\":\"https:\\\/\\\/pposiechnice.pl\\\/?s={search_term_string}\"},\"query-input\":{\"@type\":\"PropertyValueSpecification\",\"valueRequired\":true,\"valueName\":\"search_term_string\"}}],\"inLanguage\":\"pl-PL\"},{\"@type\":\"Organization\",\"@id\":\"https:\\\/\\\/pposiechnice.pl\\\/#organization\",\"name\":\"PPO Siechnice\",\"url\":\"https:\\\/\\\/pposiechnice.pl\\\/\",\"logo\":{\"@type\":\"ImageObject\",\"inLanguage\":\"pl-PL\",\"@id\":\"https:\\\/\\\/pposiechnice.pl\\\/#\\\/schema\\\/logo\\\/image\\\/\",\"url\":\"https:\\\/\\\/pposiechnice.pl\\\/autoinstalator\\\/wordpress\\\/wp-content\\\/uploads\\\/2021\\\/12\\\/logo-1.svg\",\"contentUrl\":\"https:\\\/\\\/pposiechnice.pl\\\/autoinstalator\\\/wordpress\\\/wp-content\\\/uploads\\\/2021\\\/12\\\/logo-1.svg\",\"caption\":\"PPO Siechnice\"},\"image\":{\"@id\":\"https:\\\/\\\/pposiechnice.pl\\\/#\\\/schema\\\/logo\\\/image\\\/\"}}]}<\/script>\n<!-- \/ Yoast SEO plugin. -->","yoast_head_json":{"title":"CSR - PPO Siechnice","robots":{"index":"index","follow":"follow","max-snippet":"max-snippet:-1","max-image-preview":"max-image-preview:large","max-video-preview":"max-video-preview:-1"},"canonical":"https:\/\/pposiechnice.pl\/?page_id=659","og_locale":"pl_PL","og_type":"article","og_title":"CSR - PPO Siechnice","og_description":"Przysz\u0142o\u015b\u0107 zaczyna si\u0119 dzi\u015b dlatego z zaanga\u017cowaniem i wielk\u0105 satysfakcj\u0105 pomagamy...","og_url":"https:\/\/pposiechnice.pl\/?page_id=659","og_site_name":"PPO Siechnice","article_modified_time":"2020-10-01T18:29:38+00:00","og_image":[{"url":"http:\/\/localhost:7001\/ppo\/\/app\/uploads\/2020\/09\/Podziekowanie-Uniwersytecki-Szpital-Kliniczny_20200422104140-724x1024.jpg","type":"","width":"","height":""}],"twitter_card":"summary_large_image","twitter_misc":{"Szacowany czas czytania":"1 minuta"},"schema":{"@context":"https:\/\/schema.org","@graph":[{"@type":"WebPage","@id":"https:\/\/pposiechnice.pl\/?page_id=659","url":"https:\/\/pposiechnice.pl\/?page_id=659","name":"CSR - PPO Siechnice","isPartOf":{"@id":"https:\/\/pposiechnice.pl\/#website"},"primaryImageOfPage":{"@id":"https:\/\/pposiechnice.pl\/?page_id=659#primaryimage"},"image":{"@id":"https:\/\/pposiechnice.pl\/?page_id=659#primaryimage"},"thumbnailUrl":"http:\/\/localhost:7001\/ppo\/\/app\/uploads\/2020\/09\/Podziekowanie-Uniwersytecki-Szpital-Kliniczny_20200422104140-724x1024.jpg","datePublished":"2020-09-18T10:24:57+00:00","dateModified":"2020-10-01T18:29:38+00:00","breadcrumb":{"@id":"https:\/\/pposiechnice.pl\/?page_id=659#breadcrumb"},"inLanguage":"pl-PL","potentialAction":[{"@type":"ReadAction","target":["https:\/\/pposiechnice.pl\/?page_id=659"]}]},{"@type":"ImageObject","inLanguage":"pl-PL","@id":"https:\/\/pposiechnice.pl\/?page_id=659#primaryimage","url":"http:\/\/localhost:7001\/ppo\/\/app\/uploads\/2020\/09\/Podziekowanie-Uniwersytecki-Szpital-Kliniczny_20200422104140-724x1024.jpg","contentUrl":"http:\/\/localhost:7001\/ppo\/\/app\/uploads\/2020\/09\/Podziekowanie-Uniwersytecki-Szpital-Kliniczny_20200422104140-724x1024.jpg"},{"@type":"BreadcrumbList","@id":"https:\/\/pposiechnice.pl\/?page_id=659#breadcrumb","itemListElement":[{"@type":"ListItem","position":1,"name":"Strona g\u0142\u00f3wna","item":"https:\/\/pposiechnice.pl\/"},{"@type":"ListItem","position":2,"name":"CSR"}]},{"@type":"WebSite","@id":"https:\/\/pposiechnice.pl\/#website","url":"https:\/\/pposiechnice.pl\/","name":"PPO Siechnice","description":"","publisher":{"@id":"https:\/\/pposiechnice.pl\/#organization"},"potentialAction":[{"@type":"SearchAction","target":{"@type":"EntryPoint","urlTemplate":"https:\/\/pposiechnice.pl\/?s={search_term_string}"},"query-input":{"@type":"PropertyValueSpecification","valueRequired":true,"valueName":"search_term_string"}}],"inLanguage":"pl-PL"},{"@type":"Organization","@id":"https:\/\/pposiechnice.pl\/#organization","name":"PPO Siechnice","url":"https:\/\/pposiechnice.pl\/","logo":{"@type":"ImageObject","inLanguage":"pl-PL","@id":"https:\/\/pposiechnice.pl\/#\/schema\/logo\/image\/","url":"https:\/\/pposiechnice.pl\/autoinstalator\/wordpress\/wp-content\/uploads\/2021\/12\/logo-1.svg","contentUrl":"https:\/\/pposiechnice.pl\/autoinstalator\/wordpress\/wp-content\/uploads\/2021\/12\/logo-1.svg","caption":"PPO Siechnice"},"image":{"@id":"https:\/\/pposiechnice.pl\/#\/schema\/logo\/image\/"}}]}},"_links":{"self":[{"href":"https:\/\/pposiechnice.pl\/index.php?rest_route=\/wp\/v2\/pages\/659","targetHints":{"allow":["GET"]}}],"collection":[{"href":"https:\/\/pposiechnice.pl\/index.php?rest_route=\/wp\/v2\/pages"}],"about":[{"href":"https:\/\/pposiechnice.pl\/index.php?rest_route=\/wp\/v2\/types\/page"}],"author":[{"embeddable":true,"href":"https:\/\/pposiechnice.pl\/index.php?rest_route=\/wp\/v2\/users\/7"}],"replies":[{"embeddable":true,"href":"https:\/\/pposiechnice.pl\/index.php?rest_route=%2Fwp%2Fv2%2Fcomments&post=659"}],"version-history":[{"count":27,"href":"https:\/\/pposiechnice.pl\/index.php?rest_route=\/wp\/v2\/pages\/659\/revisions"}],"predecessor-version":[{"id":764,"href":"https:\/\/pposiechnice.pl\/index.php?rest_route=\/wp\/v2\/pages\/659\/revisions\/764"}],"wp:attachment":[{"href":"https:\/\/pposiechnice.pl\/index.php?rest_route=%2Fwp%2Fv2%2Fmedia&parent=659"}],"curies":[{"name":"wp","href":"https:\/\/api.w.org\/{rel}","templated":true}]}}